{"id":6802,"date":"2019-12-27T15:25:27","date_gmt":"2019-12-27T20:25:27","guid":{"rendered":"https:\/\/brainjusticeny.com\/?page_id=6802"},"modified":"2022-07-29T13:53:20","modified_gmt":"2022-07-29T17:53:20","slug":"informacion-sobre-crps-rsd","status":"publish","type":"page","link":"https:\/\/brainjusticeny.com\/es\/informacion-sobre-crps-rsd\/","title":{"rendered":"INFORMACI\u00d3N SOBRE CRPS\/RSD"},"content":{"rendered":"\n<div class=\"wp-block-columns is-layout-flex wp-container-core-columns-is-layout-1 wp-block-columns-is-layout-flex\">\n<div class=\"wp-block-column is-layout-flow wp-block-column-is-layout-flow\" style=\"flex-basis:20%\">\n<figure class=\"wp-block-image size-full fullwidth-image\"><img fetchpriority=\"high\" decoding=\"async\" width=\"300\" height=\"200\" src=\"https:\/\/brainjusticeny.com\/wp-content\/uploads\/crps-300x200-1.jpg\" alt=\"\" class=\"wp-image-8047\"\/><\/figure>\n<\/div>\n\n\n\n<div class=\"wp-block-column col-padded is-layout-flow wp-block-column-is-layout-flow\" style=\"flex-basis:80%\">\n<p><strong>\u00bfQu\u00e9 es la distrofia simp\u00e1tica refleja (RSD en ingl\u00e9s) o el s\u00edndrome de dolor regional complejo (CRPS en ingl\u00e9s)?<\/strong><\/p>\n\n\n\n<p>La distrofia simp\u00e1tica refleja (RSD) y el s\u00edndrome de dolor regional complejo (CRPS) son b\u00e1sicamente sin\u00f3nimos de la misma enfermedad. Se tratan del sistema nervioso que est\u00e1 descontrolado y que genera dolor incapacitante y severo. RSD era el nombre anterior. Fue renombrado CRPS ya que se consideraba que era una descripci\u00f3n m\u00e1s precisa de la afecci\u00f3n.<\/p>\n\n\n\n<p><strong>\u00bfCu\u00e1l es la causa de CRPS? \u00bfExisten factores desencadenantes?<\/strong><\/p>\n\n\n\n<p>Existen dos tipos de CRPS. CRPS I se precipita por una lesi\u00f3n de un nervio diminuto o nervio menor; CRPS II se refiere a esta aflicci\u00f3n de dolor severo cuando surge de da\u00f1o a un nervio principal.<\/p>\n\n\n\n<p>Cualquier traumatismo nervioso puede desencadenar el CRPS. Algunas de las causas m\u00e1s comunes son la cirug\u00eda de rodilla, fracturas de mu\u00f1eca, y traumatismo nervioso debido a inyecciones.<\/p>\n\n\n\n<p><strong>\u00bfCu\u00e1les son los s\u00edntomas de CRPS\/RSD?<\/strong><\/p>\n\n\n\n<p>CRPS\/RSD tiene s\u00edntomas en la etapa temprana y en la etapa tard\u00eda. Los s\u00edntomas en la etapa temprana pueden incluir una extremidad caliente, hinchaz\u00f3n y decoloraci\u00f3n rojiza. A medida que la afecci\u00f3n contin\u00faa, la extremidad previamente caliente puede comenzar a sentir helada y puede parecer que tiene decoloraci\u00f3n azulada o p\u00farpura. Por lo tanto, incluso durante las temperaturas calurosas, una persona que sufre la \u00faltima etapa de CRPS\/RSD todav\u00eda puede sentir la necesidad de cubrir la extremidad para evitar sentir demasiado fr\u00edo. Tambi\u00e9n es com\u00fan en etapas posteriores la p\u00e9rdida de cabello en las extremidades y las u\u00f1as quebradizas.<\/p>\n\n\n\n<p>El dolor ardiente es un marcador caracter\u00edstico de CRPS. CRPS tambi\u00e9n se caracteriza por alodinia e hiperpat\u00eda. La alodinia se refiere a la respuesta anormal del cuerpo a un est\u00edmulo. Por ejemplo, si te toco ligeramente y saltas, o incluso al cubrir una pierna con una manta se genera un dolor intolerable. La hiperpat\u00eda se refiere al dolor que dura mucho m\u00e1s de lo que normalmente deber\u00eda.<\/p>\n\n\n\n<p>En el CRPS, un bombardeo de se\u00f1ales de dolor qu\u00edmico a la m\u00e9dula espinal y al cerebro puede causar la sensibilizaci\u00f3n de estas estructuras, lo que resulta en la propagaci\u00f3n de su dolor intenso a otras partes del cuerpo. El dolor cr\u00f3nico tambi\u00e9n puede afectar el funcionamiento inmune, endocrino, digestivo y mental.<\/p>\n\n\n\n<p><strong>\u00bfC\u00f3mo se diagnostica el CRPS? \u00bfPor qu\u00e9 es dif\u00edcil de diagnosticar?<\/strong><\/p>\n\n\n\n<p>Debido a que muchos m\u00e9dicos no est\u00e1n adecuadamente informados con respecto a los signos y s\u00edntomas de CRPS\/RSD, a menudo no se detecta o se diagnostica err\u00f3neamente. Es peligroso porque la posibilidad de revertir la enfermedad tiene un margen de oportunidad limitado. La mayor\u00eda de los m\u00e9dicos dir\u00eda que seis meses o menos.<\/p>\n\n\n\n<p>Aparte de signos como calor o fr\u00edo en una extremidad, decoloraci\u00f3n, p\u00e9rdida de cabello, brillo de la piel, as\u00ed como los s\u00edntomas de intenso dolor ardiente, alodinia e hiperpat\u00eda, tambi\u00e9n hay pruebas que pueden ayudar a diagnosticarlo: inyecciones de bloqueo nervioso para determinar si el dolor desaparece, y durante las primeras etapas de la afecci\u00f3n, las gammagraf\u00edas \u00f3seas trif\u00e1sicas para averiguar si hay un aumento de circulaci\u00f3n sangu\u00ednea en la extremidad afectada y la IRM.<\/p>\n\n\n\n<p><strong>\u00bfCu\u00e1l es el tratamiento de CRPS?<\/strong><\/p>\n\n\n\n<p>Hay varias estrategias para su tratamiento. Adem\u00e1s de ayudar a diagnosticar el CRPS, los bloqueos nerviosos pueden disminuir su dolor. Tambi\u00e9n existen la fisioterapia y la actividad f\u00edsica. En la medida en que se puede tolerar, su funci\u00f3n es minimizar el dolor intenso mediante la activaci\u00f3n de mecanismos de bloqueo (gating) en la m\u00e9dula espinal que impiden la informaci\u00f3n del dolor en el cerebro donde se registra el dolor. Los medicamentos tambi\u00e9n pueden ser muy \u00fatiles. Algunos ejemplos son los medicamentos antiepil\u00e9pticos, ciertos medicamentos antidepresivos y el tratamiento con ketamina.<\/p>\n\n\n\n<p><strong>\u00bfC\u00f3mo elegir un abogado si tiene CRPS\/RSD?<\/strong><\/p>\n\n\n\n<p>Por supuesto, es importante informarse sobre la experiencia y el \u00e9xito del abogado en el manejo de casos de CRPS\/RSD. Tambi\u00e9n eval\u00fae la capacidad del abogado para responder a sus preguntas con respecto a la enfermedad y los retos y problemas legales que plantea la afecci\u00f3n.<\/p>\n\n\n\n<p><strong>\u00bfCu\u00e1l es la importancia de la neurociencia en la evaluaci\u00f3n de casos de CRPS?<\/strong><\/p>\n\n\n\n<p>Los m\u00e9dicos pueden informarle si tiene CRPS y recetar y prestar tratamiento. Sin embargo, la neurociencia puede ofrecer un conocimiento m\u00e1s profundo sobre la manera y la raz\u00f3n que el dolor de CRPS es tan grave; la raz\u00f3n que puede propagarse a otras partes del cuerpo; c\u00f3mo y de qu\u00e9 manera puede afectar al cerebro y a la m\u00e9dula espinal; y c\u00f3mo puede afectar los sistemas inmunol\u00f3gico, digestivo, endocrino, etc. Es imprescindible entender lo anterior para predecir los problemas futuros por los que se busca una indemnizaci\u00f3n.<\/p>\n\n\n\n<p>Michael Flomenhaft comparte sus perspectivas sobre CRPS\/RSD<\/p>\n\n\n\n<figure class=\"wp-block-audio\"><audio controls src=\"https:\/\/brainjusticeny.com\/wp-content\/uploads\/Z0000014.mp3\"><\/audio><\/figure>\n<\/div>\n<\/div>\n","protected":false},"excerpt":{"rendered":"<p>\u00bfQu\u00e9 es la distrofia simp\u00e1tica refleja (RSD en ingl\u00e9s) o el s\u00edndrome de dolor regional complejo (CRPS en ingl\u00e9s)? La distrofia simp\u00e1tica refleja (RSD) y el s\u00edndrome de dolor regional complejo (CRPS) son b\u00e1sicamente sin\u00f3nimos de la misma enfermedad. Se tratan del sistema nervioso que est\u00e1 descontrolado y que genera dolor incapacitante y severo. RSD [&hellip;]<\/p>\n","protected":false},"author":6,"featured_media":0,"parent":0,"menu_order":0,"comment_status":"closed","ping_status":"closed","template":"","meta":{"footnotes":""},"class_list":["post-6802","page","type-page","status-publish","hentry"],"yoast_head":"<!-- This site is optimized with the Yoast SEO plugin v21.7 - https:\/\/yoast.com\/wordpress\/plugins\/seo\/ -->\n<title>INFORMACI\u00d3N SOBRE CRPS\/RSD | The Flomenhaft Law Firm, PLLC<\/title>\n<meta name=\"description\" content=\"\u00bfQu\u00e9 es la distrofia simp\u00e1tica refleja (RSD en ingl\u00e9s) o el s\u00edndrome de dolor regional complejo (CRPS en ingl\u00e9s)? La distrofia simp\u00e1tica refleja (RSD) y\" \/>\n<meta name=\"robots\" content=\"index, follow, max-snippet:-1, max-image-preview:large, max-video-preview:-1\" \/>\n<link rel=\"canonical\" href=\"https:\/\/brainjusticeny.com\/es\/informacion-sobre-crps-rsd\/\" \/>\n<meta name=\"twitter:card\" content=\"summary_large_image\" \/>\n<meta name=\"twitter:title\" content=\"INFORMACI\u00d3N SOBRE CRPS\/RSD | The Flomenhaft Law Firm, PLLC\" \/>\n<meta name=\"twitter:description\" content=\"\u00bfQu\u00e9 es la distrofia simp\u00e1tica refleja (RSD en ingl\u00e9s) o el s\u00edndrome de dolor regional complejo (CRPS en ingl\u00e9s)? La distrofia simp\u00e1tica refleja (RSD) y\" \/>\n<meta name=\"twitter:image\" content=\"https:\/\/brainjusticeny.com\/wp-content\/uploads\/crps-300x200-1.jpg\" \/>\n<meta name=\"twitter:label1\" content=\"Tiempo de lectura\" \/>\n\t<meta name=\"twitter:data1\" content=\"4 minutos\" \/>\n<script type=\"application\/ld+json\" class=\"yoast-schema-graph\">{\"@context\":\"https:\/\/schema.org\",\"@graph\":[{\"@type\":\"WebPage\",\"@id\":\"https:\/\/brainjusticeny.com\/es\/informacion-sobre-crps-rsd\/\",\"url\":\"https:\/\/brainjusticeny.com\/es\/informacion-sobre-crps-rsd\/\",\"name\":\"INFORMACI\u00d3N SOBRE CRPS\/RSD | The Flomenhaft Law Firm, PLLC\",\"isPartOf\":{\"@id\":\"https:\/\/brainjusticeny.com\/es\/#website\"},\"datePublished\":\"2019-12-27T20:25:27+00:00\",\"dateModified\":\"2022-07-29T17:53:20+00:00\",\"description\":\"\u00bfQu\u00e9 es la distrofia simp\u00e1tica refleja (RSD en ingl\u00e9s) o el s\u00edndrome de dolor regional complejo (CRPS en ingl\u00e9s)? La distrofia simp\u00e1tica refleja (RSD) y\",\"breadcrumb\":{\"@id\":\"https:\/\/brainjusticeny.com\/es\/informacion-sobre-crps-rsd\/#breadcrumb\"},\"inLanguage\":\"es\",\"potentialAction\":[{\"@type\":\"ReadAction\",\"target\":[\"https:\/\/brainjusticeny.com\/es\/informacion-sobre-crps-rsd\/\"]}]},{\"@type\":\"BreadcrumbList\",\"@id\":\"https:\/\/brainjusticeny.com\/es\/informacion-sobre-crps-rsd\/#breadcrumb\",\"itemListElement\":[{\"@type\":\"ListItem\",\"position\":1,\"name\":\"Home\",\"item\":\"https:\/\/brainjusticeny.com\/es\/\"},{\"@type\":\"ListItem\",\"position\":2,\"name\":\"INFORMACI\u00d3N SOBRE CRPS\/RSD\"}]},{\"@type\":\"WebSite\",\"@id\":\"https:\/\/brainjusticeny.com\/es\/#website\",\"url\":\"https:\/\/brainjusticeny.com\/es\/\",\"name\":\"The Flomenhaft Law Firm, PLLC\",\"description\":\"Lawyers for the traumatically brain injured or negligence victims suffering severe chronic pain\",\"publisher\":{\"@id\":\"https:\/\/brainjusticeny.com\/es\/#organization\"},\"potentialAction\":[{\"@type\":\"SearchAction\",\"target\":{\"@type\":\"EntryPoint\",\"urlTemplate\":\"https:\/\/brainjusticeny.com\/es\/?s={search_term_string}\"},\"query-input\":\"required name=search_term_string\"}],\"inLanguage\":\"es\"},{\"@type\":\"Organization\",\"@id\":\"https:\/\/brainjusticeny.com\/es\/#organization\",\"name\":\"The Flomenhaft Law Firm, PLLC\",\"url\":\"https:\/\/brainjusticeny.com\/es\/\",\"logo\":{\"@type\":\"ImageObject\",\"inLanguage\":\"es\",\"@id\":\"https:\/\/brainjusticeny.com\/es\/#\/schema\/logo\/image\/\",\"url\":\"https:\/\/brainjusticeny.com\/wp-content\/uploads\/flomenhaft-logo-pllc-1.jpg\",\"contentUrl\":\"https:\/\/brainjusticeny.com\/wp-content\/uploads\/flomenhaft-logo-pllc-1.jpg\",\"width\":229,\"height\":52,\"caption\":\"The Flomenhaft Law Firm, PLLC\"},\"image\":{\"@id\":\"https:\/\/brainjusticeny.com\/es\/#\/schema\/logo\/image\/\"}}]}<\/script>\n<!-- \/ Yoast SEO plugin. -->","yoast_head_json":{"title":"INFORMACI\u00d3N SOBRE CRPS\/RSD | The Flomenhaft Law Firm, PLLC","description":"\u00bfQu\u00e9 es la distrofia simp\u00e1tica refleja (RSD en ingl\u00e9s) o el s\u00edndrome de dolor regional complejo (CRPS en ingl\u00e9s)? La distrofia simp\u00e1tica refleja (RSD) y","robots":{"index":"index","follow":"follow","max-snippet":"max-snippet:-1","max-image-preview":"max-image-preview:large","max-video-preview":"max-video-preview:-1"},"canonical":"https:\/\/brainjusticeny.com\/es\/informacion-sobre-crps-rsd\/","twitter_card":"summary_large_image","twitter_title":"INFORMACI\u00d3N SOBRE CRPS\/RSD | The Flomenhaft Law Firm, PLLC","twitter_description":"\u00bfQu\u00e9 es la distrofia simp\u00e1tica refleja (RSD en ingl\u00e9s) o el s\u00edndrome de dolor regional complejo (CRPS en ingl\u00e9s)? La distrofia simp\u00e1tica refleja (RSD) y","twitter_image":"https:\/\/brainjusticeny.com\/wp-content\/uploads\/crps-300x200-1.jpg","twitter_misc":{"Tiempo de lectura":"4 minutos"},"schema":{"@context":"https:\/\/schema.org","@graph":[{"@type":"WebPage","@id":"https:\/\/brainjusticeny.com\/es\/informacion-sobre-crps-rsd\/","url":"https:\/\/brainjusticeny.com\/es\/informacion-sobre-crps-rsd\/","name":"INFORMACI\u00d3N SOBRE CRPS\/RSD | The Flomenhaft Law Firm, PLLC","isPartOf":{"@id":"https:\/\/brainjusticeny.com\/es\/#website"},"datePublished":"2019-12-27T20:25:27+00:00","dateModified":"2022-07-29T17:53:20+00:00","description":"\u00bfQu\u00e9 es la distrofia simp\u00e1tica refleja (RSD en ingl\u00e9s) o el s\u00edndrome de dolor regional complejo (CRPS en ingl\u00e9s)? La distrofia simp\u00e1tica refleja (RSD) y","breadcrumb":{"@id":"https:\/\/brainjusticeny.com\/es\/informacion-sobre-crps-rsd\/#breadcrumb"},"inLanguage":"es","potentialAction":[{"@type":"ReadAction","target":["https:\/\/brainjusticeny.com\/es\/informacion-sobre-crps-rsd\/"]}]},{"@type":"BreadcrumbList","@id":"https:\/\/brainjusticeny.com\/es\/informacion-sobre-crps-rsd\/#breadcrumb","itemListElement":[{"@type":"ListItem","position":1,"name":"Home","item":"https:\/\/brainjusticeny.com\/es\/"},{"@type":"ListItem","position":2,"name":"INFORMACI\u00d3N SOBRE CRPS\/RSD"}]},{"@type":"WebSite","@id":"https:\/\/brainjusticeny.com\/es\/#website","url":"https:\/\/brainjusticeny.com\/es\/","name":"The Flomenhaft Law Firm, PLLC","description":"Lawyers for the traumatically brain injured or negligence victims suffering severe chronic pain","publisher":{"@id":"https:\/\/brainjusticeny.com\/es\/#organization"},"potentialAction":[{"@type":"SearchAction","target":{"@type":"EntryPoint","urlTemplate":"https:\/\/brainjusticeny.com\/es\/?s={search_term_string}"},"query-input":"required name=search_term_string"}],"inLanguage":"es"},{"@type":"Organization","@id":"https:\/\/brainjusticeny.com\/es\/#organization","name":"The Flomenhaft Law Firm, PLLC","url":"https:\/\/brainjusticeny.com\/es\/","logo":{"@type":"ImageObject","inLanguage":"es","@id":"https:\/\/brainjusticeny.com\/es\/#\/schema\/logo\/image\/","url":"https:\/\/brainjusticeny.com\/wp-content\/uploads\/flomenhaft-logo-pllc-1.jpg","contentUrl":"https:\/\/brainjusticeny.com\/wp-content\/uploads\/flomenhaft-logo-pllc-1.jpg","width":229,"height":52,"caption":"The Flomenhaft Law Firm, PLLC"},"image":{"@id":"https:\/\/brainjusticeny.com\/es\/#\/schema\/logo\/image\/"}}]}},"_links":{"self":[{"href":"https:\/\/brainjusticeny.com\/es\/wp-json\/wp\/v2\/pages\/6802","targetHints":{"allow":["GET"]}}],"collection":[{"href":"https:\/\/brainjusticeny.com\/es\/wp-json\/wp\/v2\/pages"}],"about":[{"href":"https:\/\/brainjusticeny.com\/es\/wp-json\/wp\/v2\/types\/page"}],"author":[{"embeddable":true,"href":"https:\/\/brainjusticeny.com\/es\/wp-json\/wp\/v2\/users\/6"}],"replies":[{"embeddable":true,"href":"https:\/\/brainjusticeny.com\/es\/wp-json\/wp\/v2\/comments?post=6802"}],"version-history":[{"count":0,"href":"https:\/\/brainjusticeny.com\/es\/wp-json\/wp\/v2\/pages\/6802\/revisions"}],"wp:attachment":[{"href":"https:\/\/brainjusticeny.com\/es\/wp-json\/wp\/v2\/media?parent=6802"}],"curies":[{"name":"wp","href":"https:\/\/api.w.org\/{rel}","templated":true}]}}