{"id":368,"date":"2011-07-03T17:02:52","date_gmt":"2011-07-03T17:02:52","guid":{"rendered":"https:\/\/www.brainjusticeny.com\/?page_id=368"},"modified":"2021-11-29T12:51:31","modified_gmt":"2021-11-29T17:51:31","slug":"quienes-somos","status":"publish","type":"page","link":"https:\/\/brainjusticeny.com\/es\/quienes-somos\/","title":{"rendered":"Qui\u00e9nes Somos"},"content":{"rendered":"<p><span style=\"color: #49494a;\"><span style=\"font-size: medium;\"><span lang=\"es\">El bufete de abogados The Flomenhaft Law Firm, PLLC se dedica a representar a las v\u00edctimas de negligencia que sufren <a href=\"https:\/\/brainjusticeny.com\/es\/lesion-cerebral-traumatica-tbi-conmocion-cerebral\/\">lesi\u00f3n cerebral traum\u00e1tica<\/a><\/span><\/span><\/span><span style=\"color: #49494a;\"><span style=\"font-size: medium;\"><span lang=\"es\">\u00a0(TBI por sus siglas en ingl\u00e9s), lesiones de la columna vertebral, y <\/span><\/span><\/span><span lang=\"es\"><a href=\"https:\/\/brainjusticeny.com\/es\/el-dolor-cronico-severo\/\">dolor cr\u00f3nico severo<\/a>. <\/span><span style=\"color: #49494a;\"><span style=\"font-size: medium;\"><span lang=\"es\">\u00a0Nuestro amplio conocimiento de la neurociencia, neuropsicolog\u00eda y neuroimagen ha sido fundamental en nuestra exitosa representaci\u00f3n de estos casos. <\/span><\/span><\/span><\/p>\n<p><span style=\"color: #49494a;\"><span style=\"font-size: medium;\"><span lang=\"es\">Nuestros casos de lesiones cerebrales traum\u00e1ticas, lesiones vertebrales, y dolor cr\u00f3nico surgen de todo tipo de accidentes: veh\u00edculo motorizado, construcci\u00f3n, resbalones\/tropezones y ca\u00eddas, lesiones por explosi\u00f3n, exposiciones t\u00f3xicas, etc.<\/span><\/span><\/span><\/p>\n<p><span style=\"color: #49494a;\"><span style=\"font-size: medium;\"><span lang=\"es\">Con respecto a los clientes que sufren una lesi\u00f3n cerebral y dolor cr\u00f3nico, demostrar su p\u00e9rdida a fondo implica mostrar c\u00f3mo viv\u00edan antes de sus lesiones, la angustia provocada por sus lesiones, y el terrible futuro que generalmente enfrentan. Durante el juicio, logramos que el jurado entienda esta dif\u00edcil experiencia en su totalidad. Debido a nuestra reputaci\u00f3n en los casos de lesiones cerebrales traum\u00e1ticas, lesiones vertebrales, y dolor severo, otros abogados y m\u00e9dicos familiarizados con nuestra excepcional representaci\u00f3n legal nos env\u00edan muchos de nuestros clientes. <\/span><\/span><\/span><\/p>\n","protected":false},"excerpt":{"rendered":"<p>El bufete de abogados The Flomenhaft Law Firm, PLLC se dedica a representar a las v\u00edctimas de negligencia que sufren lesi\u00f3n cerebral traum\u00e1tica\u00a0(TBI por sus siglas en ingl\u00e9s), lesiones de la columna vertebral, y dolor cr\u00f3nico severo. \u00a0Nuestro amplio conocimiento de la neurociencia, neuropsicolog\u00eda y neuroimagen ha sido fundamental en nuestra exitosa representaci\u00f3n de estos [&hellip;]<\/p>\n","protected":false},"author":1,"featured_media":2127,"parent":0,"menu_order":0,"comment_status":"closed","ping_status":"closed","template":"","meta":{"footnotes":""},"class_list":["post-368","page","type-page","status-publish","has-post-thumbnail","hentry"],"yoast_head":"<!-- This site is optimized with the Yoast SEO plugin v21.7 - https:\/\/yoast.com\/wordpress\/plugins\/seo\/ -->\n<title>Qui\u00e9nes Somos | The Flomenhaft Law Firm, PLLC<\/title>\n<meta name=\"description\" content=\"El bufete de abogados The Flomenhaft Law Firm, PLLC se dedica a representar a las v\u00edctimas de negligencia que sufren lesi\u00f3n cerebral traum\u00e1tica\u00a0(TBI por\" \/>\n<meta name=\"robots\" content=\"index, follow, max-snippet:-1, max-image-preview:large, max-video-preview:-1\" \/>\n<link rel=\"canonical\" href=\"https:\/\/brainjusticeny.com\/es\/quienes-somos\/\" \/>\n<meta name=\"twitter:card\" content=\"summary_large_image\" \/>\n<meta name=\"twitter:title\" content=\"Qui\u00e9nes Somos | The Flomenhaft Law Firm, PLLC\" \/>\n<meta name=\"twitter:description\" content=\"El bufete de abogados The Flomenhaft Law Firm, PLLC se dedica a representar a las v\u00edctimas de negligencia que sufren lesi\u00f3n cerebral traum\u00e1tica\u00a0(TBI por\" \/>\n<meta name=\"twitter:image\" content=\"https:\/\/brainjusticeny.com\/wp-content\/uploads\/e9-flomenhaft-banner-about-us.jpg\" \/>\n<meta name=\"twitter:label1\" content=\"Tiempo de lectura\" \/>\n\t<meta name=\"twitter:data1\" content=\"1 minuto\" \/>\n<script type=\"application\/ld+json\" class=\"yoast-schema-graph\">{\"@context\":\"https:\/\/schema.org\",\"@graph\":[{\"@type\":\"WebPage\",\"@id\":\"https:\/\/brainjusticeny.com\/es\/quienes-somos\/\",\"url\":\"https:\/\/brainjusticeny.com\/es\/quienes-somos\/\",\"name\":\"Qui\u00e9nes Somos | The Flomenhaft Law Firm, PLLC\",\"isPartOf\":{\"@id\":\"https:\/\/brainjusticeny.com\/es\/#website\"},\"datePublished\":\"2011-07-03T17:02:52+00:00\",\"dateModified\":\"2021-11-29T17:51:31+00:00\",\"description\":\"El bufete de abogados The Flomenhaft Law Firm, PLLC se dedica a representar a las v\u00edctimas de negligencia que sufren lesi\u00f3n cerebral traum\u00e1tica\u00a0(TBI por\",\"breadcrumb\":{\"@id\":\"https:\/\/brainjusticeny.com\/es\/quienes-somos\/#breadcrumb\"},\"inLanguage\":\"es\",\"potentialAction\":[{\"@type\":\"ReadAction\",\"target\":[\"https:\/\/brainjusticeny.com\/es\/quienes-somos\/\"]}]},{\"@type\":\"BreadcrumbList\",\"@id\":\"https:\/\/brainjusticeny.com\/es\/quienes-somos\/#breadcrumb\",\"itemListElement\":[{\"@type\":\"ListItem\",\"position\":1,\"name\":\"Home\",\"item\":\"https:\/\/brainjusticeny.com\/es\/\"},{\"@type\":\"ListItem\",\"position\":2,\"name\":\"Qui\u00e9nes Somos\"}]},{\"@type\":\"WebSite\",\"@id\":\"https:\/\/brainjusticeny.com\/es\/#website\",\"url\":\"https:\/\/brainjusticeny.com\/es\/\",\"name\":\"The Flomenhaft Law Firm, PLLC\",\"description\":\"Lawyers for the traumatically brain injured or negligence victims suffering severe chronic pain\",\"publisher\":{\"@id\":\"https:\/\/brainjusticeny.com\/es\/#organization\"},\"potentialAction\":[{\"@type\":\"SearchAction\",\"target\":{\"@type\":\"EntryPoint\",\"urlTemplate\":\"https:\/\/brainjusticeny.com\/es\/?s={search_term_string}\"},\"query-input\":\"required name=search_term_string\"}],\"inLanguage\":\"es\"},{\"@type\":\"Organization\",\"@id\":\"https:\/\/brainjusticeny.com\/es\/#organization\",\"name\":\"The Flomenhaft Law Firm, PLLC\",\"url\":\"https:\/\/brainjusticeny.com\/es\/\",\"logo\":{\"@type\":\"ImageObject\",\"inLanguage\":\"es\",\"@id\":\"https:\/\/brainjusticeny.com\/es\/#\/schema\/logo\/image\/\",\"url\":\"https:\/\/brainjusticeny.com\/wp-content\/uploads\/flomenhaft-logo-pllc-1.jpg\",\"contentUrl\":\"https:\/\/brainjusticeny.com\/wp-content\/uploads\/flomenhaft-logo-pllc-1.jpg\",\"width\":229,\"height\":52,\"caption\":\"The Flomenhaft Law Firm, PLLC\"},\"image\":{\"@id\":\"https:\/\/brainjusticeny.com\/es\/#\/schema\/logo\/image\/\"}}]}<\/script>\n<!-- \/ Yoast SEO plugin. -->","yoast_head_json":{"title":"Qui\u00e9nes Somos | The Flomenhaft Law Firm, PLLC","description":"El bufete de abogados The Flomenhaft Law Firm, PLLC se dedica a representar a las v\u00edctimas de negligencia que sufren lesi\u00f3n cerebral traum\u00e1tica\u00a0(TBI por","robots":{"index":"index","follow":"follow","max-snippet":"max-snippet:-1","max-image-preview":"max-image-preview:large","max-video-preview":"max-video-preview:-1"},"canonical":"https:\/\/brainjusticeny.com\/es\/quienes-somos\/","twitter_card":"summary_large_image","twitter_title":"Qui\u00e9nes Somos | The Flomenhaft Law Firm, PLLC","twitter_description":"El bufete de abogados The Flomenhaft Law Firm, PLLC se dedica a representar a las v\u00edctimas de negligencia que sufren lesi\u00f3n cerebral traum\u00e1tica\u00a0(TBI por","twitter_image":"https:\/\/brainjusticeny.com\/wp-content\/uploads\/e9-flomenhaft-banner-about-us.jpg","twitter_misc":{"Tiempo de lectura":"1 minuto"},"schema":{"@context":"https:\/\/schema.org","@graph":[{"@type":"WebPage","@id":"https:\/\/brainjusticeny.com\/es\/quienes-somos\/","url":"https:\/\/brainjusticeny.com\/es\/quienes-somos\/","name":"Qui\u00e9nes Somos | The Flomenhaft Law Firm, PLLC","isPartOf":{"@id":"https:\/\/brainjusticeny.com\/es\/#website"},"datePublished":"2011-07-03T17:02:52+00:00","dateModified":"2021-11-29T17:51:31+00:00","description":"El bufete de abogados The Flomenhaft Law Firm, PLLC se dedica a representar a las v\u00edctimas de negligencia que sufren lesi\u00f3n cerebral traum\u00e1tica\u00a0(TBI por","breadcrumb":{"@id":"https:\/\/brainjusticeny.com\/es\/quienes-somos\/#breadcrumb"},"inLanguage":"es","potentialAction":[{"@type":"ReadAction","target":["https:\/\/brainjusticeny.com\/es\/quienes-somos\/"]}]},{"@type":"BreadcrumbList","@id":"https:\/\/brainjusticeny.com\/es\/quienes-somos\/#breadcrumb","itemListElement":[{"@type":"ListItem","position":1,"name":"Home","item":"https:\/\/brainjusticeny.com\/es\/"},{"@type":"ListItem","position":2,"name":"Qui\u00e9nes Somos"}]},{"@type":"WebSite","@id":"https:\/\/brainjusticeny.com\/es\/#website","url":"https:\/\/brainjusticeny.com\/es\/","name":"The Flomenhaft Law Firm, PLLC","description":"Lawyers for the traumatically brain injured or negligence victims suffering severe chronic pain","publisher":{"@id":"https:\/\/brainjusticeny.com\/es\/#organization"},"potentialAction":[{"@type":"SearchAction","target":{"@type":"EntryPoint","urlTemplate":"https:\/\/brainjusticeny.com\/es\/?s={search_term_string}"},"query-input":"required name=search_term_string"}],"inLanguage":"es"},{"@type":"Organization","@id":"https:\/\/brainjusticeny.com\/es\/#organization","name":"The Flomenhaft Law Firm, PLLC","url":"https:\/\/brainjusticeny.com\/es\/","logo":{"@type":"ImageObject","inLanguage":"es","@id":"https:\/\/brainjusticeny.com\/es\/#\/schema\/logo\/image\/","url":"https:\/\/brainjusticeny.com\/wp-content\/uploads\/flomenhaft-logo-pllc-1.jpg","contentUrl":"https:\/\/brainjusticeny.com\/wp-content\/uploads\/flomenhaft-logo-pllc-1.jpg","width":229,"height":52,"caption":"The Flomenhaft Law Firm, PLLC"},"image":{"@id":"https:\/\/brainjusticeny.com\/es\/#\/schema\/logo\/image\/"}}]}},"_links":{"self":[{"href":"https:\/\/brainjusticeny.com\/es\/wp-json\/wp\/v2\/pages\/368","targetHints":{"allow":["GET"]}}],"collection":[{"href":"https:\/\/brainjusticeny.com\/es\/wp-json\/wp\/v2\/pages"}],"about":[{"href":"https:\/\/brainjusticeny.com\/es\/wp-json\/wp\/v2\/types\/page"}],"author":[{"embeddable":true,"href":"https:\/\/brainjusticeny.com\/es\/wp-json\/wp\/v2\/users\/1"}],"replies":[{"embeddable":true,"href":"https:\/\/brainjusticeny.com\/es\/wp-json\/wp\/v2\/comments?post=368"}],"version-history":[{"count":0,"href":"https:\/\/brainjusticeny.com\/es\/wp-json\/wp\/v2\/pages\/368\/revisions"}],"wp:featuredmedia":[{"embeddable":true,"href":"https:\/\/brainjusticeny.com\/es\/wp-json\/wp\/v2\/media\/2127"}],"wp:attachment":[{"href":"https:\/\/brainjusticeny.com\/es\/wp-json\/wp\/v2\/media?parent=368"}],"curies":[{"name":"wp","href":"https:\/\/api.w.org\/{rel}","templated":true}]}}