{"id":3016,"date":"2008-09-09T10:49:29","date_gmt":"2008-09-09T14:49:29","guid":{"rendered":"https:\/\/brainjusticeny.com\/?page_id=3016"},"modified":"2022-07-29T13:50:04","modified_gmt":"2022-07-29T17:50:04","slug":"lesion-cerebral-traumatica-tbi-conmocion-cerebral","status":"publish","type":"page","link":"https:\/\/brainjusticeny.com\/es\/lesion-cerebral-traumatica-tbi-conmocion-cerebral\/","title":{"rendered":"Lesi\u00f3n cerebral traum\u00e1tica (TBI)\/Conmoci\u00f3n cerebral"},"content":{"rendered":"\n<div class=\"wp-block-columns is-layout-flex wp-container-core-columns-is-layout-1 wp-block-columns-is-layout-flex\">\n<div class=\"wp-block-column is-layout-flow wp-block-column-is-layout-flow\" style=\"flex-basis:20%\">\n<figure class=\"wp-block-image size-full fullwidth-image\"><img fetchpriority=\"high\" decoding=\"async\" width=\"438\" height=\"332\" src=\"https:\/\/brainjusticeny.com\/wp-content\/uploads\/brokenbrain.jpg\" alt=\"\" class=\"wp-image-8041\" srcset=\"https:\/\/brainjusticeny.com\/wp-content\/uploads\/brokenbrain.jpg 438w, https:\/\/brainjusticeny.com\/wp-content\/uploads\/brokenbrain-300x227.jpg 300w\" sizes=\"(max-width: 438px) 100vw, 438px\" \/><\/figure>\n<\/div>\n\n\n\n<div class=\"wp-block-column col-padded is-layout-flow wp-block-column-is-layout-flow\" style=\"flex-basis:80%\">\n<p>Ya sea por accidentes de construcci\u00f3n o automovil\u00edsticos, resbalones y ca\u00eddas, explosiones, o incluso pintura a base de plomo u otras exposiciones, muchas lesiones cerebrales se minimizan o incluso no se reconocen. El cerebro pesa solamente unas libras. Su consistencia es como un pud\u00edn situado dentro de un cr\u00e1neo duro con una superficie desnivelada. No se requiere de mucho trauma para lastimarlo gravemente. El latigazo cervical sin traumatismo de la cabeza, incluso por una colisi\u00f3n de veh\u00edculos motorizados de bajo impacto, puede causar lesiones cerebrales extensas. De hecho, hemos aprendido que simplemente sacudir a un beb\u00e9 puede da\u00f1ar su cerebro seriamente.<\/p>\n\n\n\n<p>Si despu\u00e9s de un traumatismo de la cabeza por una colisi\u00f3n de veh\u00edculo motorizado o por una ca\u00edda, la v\u00edctima est\u00e1 hablando de una forma normal y sus radiograf\u00edas o tomograf\u00edas computarizadas o resonancias magn\u00e9ticas son normales, con frecuencia se considera que la v\u00edctima est\u00e1 \u00abbien\u00bb. Sin embargo, nuestro trabajo muestra que estas v\u00edctimas de trauma a menudo no est\u00e1n bien. Su sue\u00f1o, memoria, concentraci\u00f3n, capacidad de aprender, capacidad para hacer sus trabajos o manejar relaciones son frecuentemente mucho peores. Para muchas v\u00edctimas de un accidente, el empeoramiento de su mente contin\u00faa mucho despu\u00e9s del tiempo que sus m\u00e9dicos les dijeron que deb\u00eda. Adem\u00e1s de este empeoramiento, se produce el miedo de ser capaz de seguir trabajando y mantener relaciones que est\u00e1n fracasando. Junto con el empeoramiento, la v\u00edctima puede ocultar o negar el deterioro mental. Muchas veces las v\u00edctimas de lesiones cerebrales sufren con sentimientos de verg\u00fcenza por no ser la misma persona que ellos, sus amigos, y sus seres queridos siempre han apreciado. Lo que complica estas relaciones es el hecho de que las v\u00edctimas de lesiones cerebrales a menudo se ven y hablan igual que antes de la lesi\u00f3n, a pesar de que la lesi\u00f3n ha borrado partes de lo que sol\u00edan ser.<\/p>\n\n\n\n<p>Es posible que una lesi\u00f3n cerebral (incluyendo la conmoci\u00f3n cerebral) no cambie la forma en que una persona camina o habla, pero puede deteriorar gravemente la forma en que esa persona piensa, siente, recuerda y responde. Algunos de los muchos signos de una lesi\u00f3n cerebral son que se le tienen que recordar de las mismas cosas muchas veces, se pierde, olvida que la comida est\u00e1 en la estufa o en el horno, reacciona con una ira incontrolable ante las frustraciones o decepciones habituales y t\u00edpicas de la vida diaria, y el agotamiento de s\u00f3lo tratar de pensar o leer.&nbsp;<\/p>\n\n\n\n<p>Debido a que el cerebro controla todas nuestras funciones, su da\u00f1o puede afectar a las v\u00edctimas de accidentes de muchas maneras diferentes. Los diferentes tipos de da\u00f1o pueden requerir diferentes tipos de especialistas m\u00e9dicos: los problemas de pensar requieren a un neuro-psic\u00f3logo; los problemas emocionales requieren a un neuro-psiquiatra; los problemas visuales requieren a un neuro-oftalm\u00f3logo; y los problemas de equilibrio requieren a un neuro-ot\u00f3logo.<\/p>\n\n\n\n<p>Un caso de lesi\u00f3n cerebral traum\u00e1tica se trata, en esencia, de qui\u00e9n era una persona, qui\u00e9n esperaba ser, qui\u00e9n es ahora como resultado de la lesi\u00f3n, y la forma en que la lesi\u00f3n ha cambiado su futuro. Desafortunadamente, la lesi\u00f3n cerebral tambi\u00e9n inflige p\u00e9rdidas a los seres queridos de la v\u00edctima de una manera que muchas veces, en lugar de disminuir, aumenta a medida que la v\u00edctima envejece. <a href=\"https:\/\/brainjusticeny.com\/es\/informacion-sobre-la-lesion-cerebral-traumatica\/\">Informaci\u00f3n sobre TBI<\/a><\/p>\n\n\n\n<p>El an\u00e1lisis del volumen cerebral, una herramienta por im\u00e1genes de la neurociencia, muestra que el traumatismo por una conmoci\u00f3n cerebral y la consiguiente atrofia han causado que la parte lesionada del cerebro de esta mujer de 32 a\u00f1os sea equivalente a una persona de 87 a\u00f1os.<\/p>\n\n\n\n<figure class=\"wp-block-image\"><img decoding=\"async\" width=\"300\" height=\"225\" src=\"https:\/\/brainjusticeny.com\/wp-content\/uploads\/\/Presentation_Page_05-300x225.jpg\" alt=\"Presentation_Page_05\" class=\"wp-image-1547\" srcset=\"https:\/\/brainjusticeny.com\/wp-content\/uploads\/Presentation_Page_05-300x225.jpg 300w, https:\/\/brainjusticeny.com\/wp-content\/uploads\/Presentation_Page_05.jpg 750w\" sizes=\"(max-width: 300px) 100vw, 300px\" \/><\/figure>\n<\/div>\n<\/div>\n","protected":false},"excerpt":{"rendered":"<p>Ya sea por accidentes de construcci\u00f3n o automovil\u00edsticos, resbalones y ca\u00eddas, explosiones, o incluso pintura a base de plomo u otras exposiciones, muchas lesiones cerebrales se minimizan o incluso no se reconocen. El cerebro pesa solamente unas libras. Su consistencia es como un pud\u00edn situado dentro de un cr\u00e1neo duro con una superficie desnivelada. No [&hellip;]<\/p>\n","protected":false},"author":6,"featured_media":0,"parent":0,"menu_order":27,"comment_status":"closed","ping_status":"closed","template":"","meta":{"footnotes":""},"class_list":["post-3016","page","type-page","status-publish","hentry"],"yoast_head":"<!-- This site is optimized with the Yoast SEO plugin v21.7 - https:\/\/yoast.com\/wordpress\/plugins\/seo\/ -->\n<title>Lesi\u00f3n cerebral traum\u00e1tica (TBI)\/Conmoci\u00f3n cerebral | The Flomenhaft Law Firm, PLLC<\/title>\n<meta name=\"description\" content=\"Ya sea por accidentes de construcci\u00f3n o automovil\u00edsticos, resbalones y ca\u00eddas, explosiones, o incluso pintura a base de plomo u otras exposiciones, muchas\" \/>\n<meta name=\"robots\" content=\"index, follow, max-snippet:-1, max-image-preview:large, max-video-preview:-1\" \/>\n<link rel=\"canonical\" href=\"https:\/\/brainjusticeny.com\/es\/lesion-cerebral-traumatica-tbi-conmocion-cerebral\/\" \/>\n<meta name=\"twitter:card\" content=\"summary_large_image\" \/>\n<meta name=\"twitter:title\" content=\"Lesi\u00f3n cerebral traum\u00e1tica (TBI)\/Conmoci\u00f3n cerebral | The Flomenhaft Law Firm, PLLC\" \/>\n<meta name=\"twitter:description\" content=\"Ya sea por accidentes de construcci\u00f3n o automovil\u00edsticos, resbalones y ca\u00eddas, explosiones, o incluso pintura a base de plomo u otras exposiciones, muchas\" \/>\n<meta name=\"twitter:image\" content=\"https:\/\/brainjusticeny.com\/wp-content\/uploads\/brokenbrain.jpg\" \/>\n<meta name=\"twitter:label1\" content=\"Tiempo de lectura\" \/>\n\t<meta name=\"twitter:data1\" content=\"3 minutos\" \/>\n<script type=\"application\/ld+json\" class=\"yoast-schema-graph\">{\"@context\":\"https:\/\/schema.org\",\"@graph\":[{\"@type\":\"WebPage\",\"@id\":\"https:\/\/brainjusticeny.com\/es\/lesion-cerebral-traumatica-tbi-conmocion-cerebral\/\",\"url\":\"https:\/\/brainjusticeny.com\/es\/lesion-cerebral-traumatica-tbi-conmocion-cerebral\/\",\"name\":\"Lesi\u00f3n cerebral traum\u00e1tica (TBI)\/Conmoci\u00f3n cerebral | The Flomenhaft Law Firm, PLLC\",\"isPartOf\":{\"@id\":\"https:\/\/brainjusticeny.com\/es\/#website\"},\"datePublished\":\"2008-09-09T14:49:29+00:00\",\"dateModified\":\"2022-07-29T17:50:04+00:00\",\"description\":\"Ya sea por accidentes de construcci\u00f3n o automovil\u00edsticos, resbalones y ca\u00eddas, explosiones, o incluso pintura a base de plomo u otras exposiciones, muchas\",\"breadcrumb\":{\"@id\":\"https:\/\/brainjusticeny.com\/es\/lesion-cerebral-traumatica-tbi-conmocion-cerebral\/#breadcrumb\"},\"inLanguage\":\"es\",\"potentialAction\":[{\"@type\":\"ReadAction\",\"target\":[\"https:\/\/brainjusticeny.com\/es\/lesion-cerebral-traumatica-tbi-conmocion-cerebral\/\"]}]},{\"@type\":\"BreadcrumbList\",\"@id\":\"https:\/\/brainjusticeny.com\/es\/lesion-cerebral-traumatica-tbi-conmocion-cerebral\/#breadcrumb\",\"itemListElement\":[{\"@type\":\"ListItem\",\"position\":1,\"name\":\"Home\",\"item\":\"https:\/\/brainjusticeny.com\/es\/\"},{\"@type\":\"ListItem\",\"position\":2,\"name\":\"Lesi\u00f3n cerebral traum\u00e1tica (TBI)\/Conmoci\u00f3n cerebral\"}]},{\"@type\":\"WebSite\",\"@id\":\"https:\/\/brainjusticeny.com\/es\/#website\",\"url\":\"https:\/\/brainjusticeny.com\/es\/\",\"name\":\"The Flomenhaft Law Firm, PLLC\",\"description\":\"Lawyers for the traumatically brain injured or negligence victims suffering severe chronic pain\",\"publisher\":{\"@id\":\"https:\/\/brainjusticeny.com\/es\/#organization\"},\"potentialAction\":[{\"@type\":\"SearchAction\",\"target\":{\"@type\":\"EntryPoint\",\"urlTemplate\":\"https:\/\/brainjusticeny.com\/es\/?s={search_term_string}\"},\"query-input\":\"required name=search_term_string\"}],\"inLanguage\":\"es\"},{\"@type\":\"Organization\",\"@id\":\"https:\/\/brainjusticeny.com\/es\/#organization\",\"name\":\"The Flomenhaft Law Firm, PLLC\",\"url\":\"https:\/\/brainjusticeny.com\/es\/\",\"logo\":{\"@type\":\"ImageObject\",\"inLanguage\":\"es\",\"@id\":\"https:\/\/brainjusticeny.com\/es\/#\/schema\/logo\/image\/\",\"url\":\"https:\/\/brainjusticeny.com\/wp-content\/uploads\/flomenhaft-logo-pllc-1.jpg\",\"contentUrl\":\"https:\/\/brainjusticeny.com\/wp-content\/uploads\/flomenhaft-logo-pllc-1.jpg\",\"width\":229,\"height\":52,\"caption\":\"The Flomenhaft Law Firm, PLLC\"},\"image\":{\"@id\":\"https:\/\/brainjusticeny.com\/es\/#\/schema\/logo\/image\/\"}}]}<\/script>\n<!-- \/ Yoast SEO plugin. -->","yoast_head_json":{"title":"Lesi\u00f3n cerebral traum\u00e1tica (TBI)\/Conmoci\u00f3n cerebral | The Flomenhaft Law Firm, PLLC","description":"Ya sea por accidentes de construcci\u00f3n o automovil\u00edsticos, resbalones y ca\u00eddas, explosiones, o incluso pintura a base de plomo u otras exposiciones, muchas","robots":{"index":"index","follow":"follow","max-snippet":"max-snippet:-1","max-image-preview":"max-image-preview:large","max-video-preview":"max-video-preview:-1"},"canonical":"https:\/\/brainjusticeny.com\/es\/lesion-cerebral-traumatica-tbi-conmocion-cerebral\/","twitter_card":"summary_large_image","twitter_title":"Lesi\u00f3n cerebral traum\u00e1tica (TBI)\/Conmoci\u00f3n cerebral | The Flomenhaft Law Firm, PLLC","twitter_description":"Ya sea por accidentes de construcci\u00f3n o automovil\u00edsticos, resbalones y ca\u00eddas, explosiones, o incluso pintura a base de plomo u otras exposiciones, muchas","twitter_image":"https:\/\/brainjusticeny.com\/wp-content\/uploads\/brokenbrain.jpg","twitter_misc":{"Tiempo de lectura":"3 minutos"},"schema":{"@context":"https:\/\/schema.org","@graph":[{"@type":"WebPage","@id":"https:\/\/brainjusticeny.com\/es\/lesion-cerebral-traumatica-tbi-conmocion-cerebral\/","url":"https:\/\/brainjusticeny.com\/es\/lesion-cerebral-traumatica-tbi-conmocion-cerebral\/","name":"Lesi\u00f3n cerebral traum\u00e1tica (TBI)\/Conmoci\u00f3n cerebral | The Flomenhaft Law Firm, PLLC","isPartOf":{"@id":"https:\/\/brainjusticeny.com\/es\/#website"},"datePublished":"2008-09-09T14:49:29+00:00","dateModified":"2022-07-29T17:50:04+00:00","description":"Ya sea por accidentes de construcci\u00f3n o automovil\u00edsticos, resbalones y ca\u00eddas, explosiones, o incluso pintura a base de plomo u otras exposiciones, muchas","breadcrumb":{"@id":"https:\/\/brainjusticeny.com\/es\/lesion-cerebral-traumatica-tbi-conmocion-cerebral\/#breadcrumb"},"inLanguage":"es","potentialAction":[{"@type":"ReadAction","target":["https:\/\/brainjusticeny.com\/es\/lesion-cerebral-traumatica-tbi-conmocion-cerebral\/"]}]},{"@type":"BreadcrumbList","@id":"https:\/\/brainjusticeny.com\/es\/lesion-cerebral-traumatica-tbi-conmocion-cerebral\/#breadcrumb","itemListElement":[{"@type":"ListItem","position":1,"name":"Home","item":"https:\/\/brainjusticeny.com\/es\/"},{"@type":"ListItem","position":2,"name":"Lesi\u00f3n cerebral traum\u00e1tica (TBI)\/Conmoci\u00f3n cerebral"}]},{"@type":"WebSite","@id":"https:\/\/brainjusticeny.com\/es\/#website","url":"https:\/\/brainjusticeny.com\/es\/","name":"The Flomenhaft Law Firm, PLLC","description":"Lawyers for the traumatically brain injured or negligence victims suffering severe chronic pain","publisher":{"@id":"https:\/\/brainjusticeny.com\/es\/#organization"},"potentialAction":[{"@type":"SearchAction","target":{"@type":"EntryPoint","urlTemplate":"https:\/\/brainjusticeny.com\/es\/?s={search_term_string}"},"query-input":"required name=search_term_string"}],"inLanguage":"es"},{"@type":"Organization","@id":"https:\/\/brainjusticeny.com\/es\/#organization","name":"The Flomenhaft Law Firm, PLLC","url":"https:\/\/brainjusticeny.com\/es\/","logo":{"@type":"ImageObject","inLanguage":"es","@id":"https:\/\/brainjusticeny.com\/es\/#\/schema\/logo\/image\/","url":"https:\/\/brainjusticeny.com\/wp-content\/uploads\/flomenhaft-logo-pllc-1.jpg","contentUrl":"https:\/\/brainjusticeny.com\/wp-content\/uploads\/flomenhaft-logo-pllc-1.jpg","width":229,"height":52,"caption":"The Flomenhaft Law Firm, PLLC"},"image":{"@id":"https:\/\/brainjusticeny.com\/es\/#\/schema\/logo\/image\/"}}]}},"_links":{"self":[{"href":"https:\/\/brainjusticeny.com\/es\/wp-json\/wp\/v2\/pages\/3016","targetHints":{"allow":["GET"]}}],"collection":[{"href":"https:\/\/brainjusticeny.com\/es\/wp-json\/wp\/v2\/pages"}],"about":[{"href":"https:\/\/brainjusticeny.com\/es\/wp-json\/wp\/v2\/types\/page"}],"author":[{"embeddable":true,"href":"https:\/\/brainjusticeny.com\/es\/wp-json\/wp\/v2\/users\/6"}],"replies":[{"embeddable":true,"href":"https:\/\/brainjusticeny.com\/es\/wp-json\/wp\/v2\/comments?post=3016"}],"version-history":[{"count":0,"href":"https:\/\/brainjusticeny.com\/es\/wp-json\/wp\/v2\/pages\/3016\/revisions"}],"wp:attachment":[{"href":"https:\/\/brainjusticeny.com\/es\/wp-json\/wp\/v2\/media?parent=3016"}],"curies":[{"name":"wp","href":"https:\/\/api.w.org\/{rel}","templated":true}]}}