{"id":2892,"date":"2012-09-12T13:26:24","date_gmt":"2012-09-12T17:26:24","guid":{"rendered":"https:\/\/brainjusticeny.com\/?page_id=2892"},"modified":"2019-12-27T14:14:41","modified_gmt":"2019-12-27T19:14:41","slug":"pagina-de-inicio","status":"publish","type":"page","link":"https:\/\/brainjusticeny.com\/es\/","title":{"rendered":"P\u00e1gina de inicio"},"content":{"rendered":"<p>The Flomenhaft Law Firm, PLLC es reconocido por su representaci\u00f3n excepcional de v\u00edctimas de <a href=\"https:\/\/brainjusticeny.com\/es\/lesion-cerebral-traumatica-tbi-conmocion-cerebral\/\">lesi\u00f3n cerebral traum\u00e1tica<\/a> (TBI por sus siglas en ingl\u00e9s) incluyendo conmociones cerebrales y <a href=\"https:\/\/brainjusticeny.com\/es\/el-dolor-cronico-severo\/\">dolor cr\u00f3nico severo<\/a>. Frecuentemente estas lesiones no son diagnosticadas y las personas que sufren de estas aflicciones no tienen la representaci\u00f3n legal adecuada. Estamos muy avanzados en el \u00e1rea de demostrar lesiones cerebrales no reconocidas, y hemos logrado indemnizaciones multimillonarias por estas aflicciones, incluso casos en los que las lesiones no son obvias.<\/p>\n<p>La neurociencia es el estudio de la funci\u00f3n del cerebro y del sistema nervioso. Aunque de alguna manera la neurociencia coincide con la medicina, en la primera se investiga la funci\u00f3n del cerebro y del sistema nervioso m\u00e1s profundamente de lo que los m\u00e9dicos requieren para el diagn\u00f3stico y el tratamiento. Por lo tanto, la neurociencia puede ayudar a explicar las consecuencias de una lesi\u00f3n cerebral y el dolor severo que muchos m\u00e9dicos, incluso neur\u00f3logos que carecen de formaci\u00f3n o experiencia en neurociencia, a menudo desconocen. Nuestra pericia en la neurociencia proporciona una dimensi\u00f3n especial a la representaci\u00f3n de las v\u00edctimas de lesiones en el cerebro u otras partes del sistema nervioso cuyas lesiones de otro modo no ser\u00edan consideradas tan seriamente como deber\u00edan.<\/p>\n<p>&nbsp;<\/p>\n","protected":false},"excerpt":{"rendered":"<p>The Flomenhaft Law Firm, PLLC es reconocido por su representaci\u00f3n excepcional de v\u00edctimas de lesi\u00f3n cerebral traum\u00e1tica (TBI por sus siglas en ingl\u00e9s) incluyendo conmociones cerebrales y dolor cr\u00f3nico severo. Frecuentemente estas lesiones no son diagnosticadas y las personas que sufren de estas aflicciones no tienen la representaci\u00f3n legal adecuada. Estamos muy avanzados en el [&hellip;]<\/p>\n","protected":false},"author":6,"featured_media":6773,"parent":0,"menu_order":12,"comment_status":"closed","ping_status":"closed","template":"","meta":{"footnotes":""},"class_list":["post-2892","page","type-page","status-publish","has-post-thumbnail","hentry"],"yoast_head":"<!-- This site is optimized with the Yoast SEO plugin v21.7 - https:\/\/yoast.com\/wordpress\/plugins\/seo\/ -->\n<title>P\u00e1gina de inicio | The Flomenhaft Law Firm, PLLC<\/title>\n<meta name=\"description\" content=\"The Flomenhaft Law Firm, PLLC es reconocido por su representaci\u00f3n excepcional de v\u00edctimas de lesi\u00f3n cerebral traum\u00e1tica (TBI por sus siglas en ingl\u00e9s)\" \/>\n<meta name=\"robots\" content=\"index, follow, max-snippet:-1, max-image-preview:large, max-video-preview:-1\" \/>\n<link rel=\"canonical\" href=\"https:\/\/brainjusticeny.com\/es\/\" \/>\n<meta name=\"twitter:card\" content=\"summary_large_image\" \/>\n<meta name=\"twitter:title\" content=\"P\u00e1gina de inicio | The Flomenhaft Law Firm, PLLC\" \/>\n<meta name=\"twitter:description\" content=\"The Flomenhaft Law Firm, PLLC es reconocido por su representaci\u00f3n excepcional de v\u00edctimas de lesi\u00f3n cerebral traum\u00e1tica (TBI por sus siglas en ingl\u00e9s)\" \/>\n<meta name=\"twitter:image\" content=\"https:\/\/brainjusticeny.com\/wp-content\/uploads\/e9-flomenhaft-banner-esp-final.jpg\" \/>\n<meta name=\"twitter:label1\" content=\"Tiempo de lectura\" \/>\n\t<meta name=\"twitter:data1\" content=\"1 minuto\" \/>\n<script type=\"application\/ld+json\" class=\"yoast-schema-graph\">{\"@context\":\"https:\/\/schema.org\",\"@graph\":[{\"@type\":\"WebPage\",\"@id\":\"https:\/\/brainjusticeny.com\/es\/\",\"url\":\"https:\/\/brainjusticeny.com\/es\/\",\"name\":\"P\u00e1gina de inicio | The Flomenhaft Law Firm, PLLC\",\"isPartOf\":{\"@id\":\"https:\/\/brainjusticeny.com\/es\/#website\"},\"datePublished\":\"2012-09-12T17:26:24+00:00\",\"dateModified\":\"2019-12-27T19:14:41+00:00\",\"description\":\"The Flomenhaft Law Firm, PLLC es reconocido por su representaci\u00f3n excepcional de v\u00edctimas de lesi\u00f3n cerebral traum\u00e1tica (TBI por sus siglas en ingl\u00e9s)\",\"breadcrumb\":{\"@id\":\"https:\/\/brainjusticeny.com\/es\/#breadcrumb\"},\"inLanguage\":\"es\",\"potentialAction\":[{\"@type\":\"ReadAction\",\"target\":[\"https:\/\/brainjusticeny.com\/es\/\"]}]},{\"@type\":\"BreadcrumbList\",\"@id\":\"https:\/\/brainjusticeny.com\/es\/#breadcrumb\",\"itemListElement\":[{\"@type\":\"ListItem\",\"position\":1,\"name\":\"Home\",\"item\":\"https:\/\/brainjusticeny.com\/es\/\"},{\"@type\":\"ListItem\",\"position\":2,\"name\":\"P\u00e1gina de inicio\"}]},{\"@type\":\"WebSite\",\"@id\":\"https:\/\/brainjusticeny.com\/es\/#website\",\"url\":\"https:\/\/brainjusticeny.com\/es\/\",\"name\":\"The Flomenhaft Law Firm, PLLC\",\"description\":\"Lawyers for the traumatically brain injured or negligence victims suffering severe chronic pain\",\"publisher\":{\"@id\":\"https:\/\/brainjusticeny.com\/es\/#organization\"},\"potentialAction\":[{\"@type\":\"SearchAction\",\"target\":{\"@type\":\"EntryPoint\",\"urlTemplate\":\"https:\/\/brainjusticeny.com\/es\/?s={search_term_string}\"},\"query-input\":\"required name=search_term_string\"}],\"inLanguage\":\"es\"},{\"@type\":\"Organization\",\"@id\":\"https:\/\/brainjusticeny.com\/es\/#organization\",\"name\":\"The Flomenhaft Law Firm, PLLC\",\"url\":\"https:\/\/brainjusticeny.com\/es\/\",\"logo\":{\"@type\":\"ImageObject\",\"inLanguage\":\"es\",\"@id\":\"https:\/\/brainjusticeny.com\/es\/#\/schema\/logo\/image\/\",\"url\":\"https:\/\/brainjusticeny.com\/wp-content\/uploads\/flomenhaft-logo-pllc-1.jpg\",\"contentUrl\":\"https:\/\/brainjusticeny.com\/wp-content\/uploads\/flomenhaft-logo-pllc-1.jpg\",\"width\":229,\"height\":52,\"caption\":\"The Flomenhaft Law Firm, PLLC\"},\"image\":{\"@id\":\"https:\/\/brainjusticeny.com\/es\/#\/schema\/logo\/image\/\"}}]}<\/script>\n<!-- \/ Yoast SEO plugin. -->","yoast_head_json":{"title":"P\u00e1gina de inicio | The Flomenhaft Law Firm, PLLC","description":"The Flomenhaft Law Firm, PLLC es reconocido por su representaci\u00f3n excepcional de v\u00edctimas de lesi\u00f3n cerebral traum\u00e1tica (TBI por sus siglas en ingl\u00e9s)","robots":{"index":"index","follow":"follow","max-snippet":"max-snippet:-1","max-image-preview":"max-image-preview:large","max-video-preview":"max-video-preview:-1"},"canonical":"https:\/\/brainjusticeny.com\/es\/","twitter_card":"summary_large_image","twitter_title":"P\u00e1gina de inicio | The Flomenhaft Law Firm, PLLC","twitter_description":"The Flomenhaft Law Firm, PLLC es reconocido por su representaci\u00f3n excepcional de v\u00edctimas de lesi\u00f3n cerebral traum\u00e1tica (TBI por sus siglas en ingl\u00e9s)","twitter_image":"https:\/\/brainjusticeny.com\/wp-content\/uploads\/e9-flomenhaft-banner-esp-final.jpg","twitter_misc":{"Tiempo de lectura":"1 minuto"},"schema":{"@context":"https:\/\/schema.org","@graph":[{"@type":"WebPage","@id":"https:\/\/brainjusticeny.com\/es\/","url":"https:\/\/brainjusticeny.com\/es\/","name":"P\u00e1gina de inicio | The Flomenhaft Law Firm, PLLC","isPartOf":{"@id":"https:\/\/brainjusticeny.com\/es\/#website"},"datePublished":"2012-09-12T17:26:24+00:00","dateModified":"2019-12-27T19:14:41+00:00","description":"The Flomenhaft Law Firm, PLLC es reconocido por su representaci\u00f3n excepcional de v\u00edctimas de lesi\u00f3n cerebral traum\u00e1tica (TBI por sus siglas en ingl\u00e9s)","breadcrumb":{"@id":"https:\/\/brainjusticeny.com\/es\/#breadcrumb"},"inLanguage":"es","potentialAction":[{"@type":"ReadAction","target":["https:\/\/brainjusticeny.com\/es\/"]}]},{"@type":"BreadcrumbList","@id":"https:\/\/brainjusticeny.com\/es\/#breadcrumb","itemListElement":[{"@type":"ListItem","position":1,"name":"Home","item":"https:\/\/brainjusticeny.com\/es\/"},{"@type":"ListItem","position":2,"name":"P\u00e1gina de inicio"}]},{"@type":"WebSite","@id":"https:\/\/brainjusticeny.com\/es\/#website","url":"https:\/\/brainjusticeny.com\/es\/","name":"The Flomenhaft Law Firm, PLLC","description":"Lawyers for the traumatically brain injured or negligence victims suffering severe chronic pain","publisher":{"@id":"https:\/\/brainjusticeny.com\/es\/#organization"},"potentialAction":[{"@type":"SearchAction","target":{"@type":"EntryPoint","urlTemplate":"https:\/\/brainjusticeny.com\/es\/?s={search_term_string}"},"query-input":"required name=search_term_string"}],"inLanguage":"es"},{"@type":"Organization","@id":"https:\/\/brainjusticeny.com\/es\/#organization","name":"The Flomenhaft Law Firm, PLLC","url":"https:\/\/brainjusticeny.com\/es\/","logo":{"@type":"ImageObject","inLanguage":"es","@id":"https:\/\/brainjusticeny.com\/es\/#\/schema\/logo\/image\/","url":"https:\/\/brainjusticeny.com\/wp-content\/uploads\/flomenhaft-logo-pllc-1.jpg","contentUrl":"https:\/\/brainjusticeny.com\/wp-content\/uploads\/flomenhaft-logo-pllc-1.jpg","width":229,"height":52,"caption":"The Flomenhaft Law Firm, PLLC"},"image":{"@id":"https:\/\/brainjusticeny.com\/es\/#\/schema\/logo\/image\/"}}]}},"_links":{"self":[{"href":"https:\/\/brainjusticeny.com\/es\/wp-json\/wp\/v2\/pages\/2892","targetHints":{"allow":["GET"]}}],"collection":[{"href":"https:\/\/brainjusticeny.com\/es\/wp-json\/wp\/v2\/pages"}],"about":[{"href":"https:\/\/brainjusticeny.com\/es\/wp-json\/wp\/v2\/types\/page"}],"author":[{"embeddable":true,"href":"https:\/\/brainjusticeny.com\/es\/wp-json\/wp\/v2\/users\/6"}],"replies":[{"embeddable":true,"href":"https:\/\/brainjusticeny.com\/es\/wp-json\/wp\/v2\/comments?post=2892"}],"version-history":[{"count":0,"href":"https:\/\/brainjusticeny.com\/es\/wp-json\/wp\/v2\/pages\/2892\/revisions"}],"wp:featuredmedia":[{"embeddable":true,"href":"https:\/\/brainjusticeny.com\/es\/wp-json\/wp\/v2\/media\/6773"}],"wp:attachment":[{"href":"https:\/\/brainjusticeny.com\/es\/wp-json\/wp\/v2\/media?parent=2892"}],"curies":[{"name":"wp","href":"https:\/\/api.w.org\/{rel}","templated":true}]}}