{"id":2856,"date":"2019-11-26T15:40:02","date_gmt":"2019-11-26T20:40:02","guid":{"rendered":"https:\/\/brainjusticeny.com\/?page_id=2856"},"modified":"2022-07-29T13:51:38","modified_gmt":"2022-07-29T17:51:38","slug":"informacion-sobre-la-lesion-cerebral-traumatica","status":"publish","type":"page","link":"https:\/\/brainjusticeny.com\/es\/informacion-sobre-la-lesion-cerebral-traumatica\/","title":{"rendered":"INFORMACI\u00d3N SOBRE LA LESI\u00d3N CEREBRAL TRAUM\u00c1TICA"},"content":{"rendered":"\n<div class=\"wp-block-columns is-layout-flex wp-container-core-columns-is-layout-1 wp-block-columns-is-layout-flex\">\n<div class=\"wp-block-column is-layout-flow wp-block-column-is-layout-flow\" style=\"flex-basis:20%\">\n<figure class=\"wp-block-image size-full fullwidth-image\"><img fetchpriority=\"high\" decoding=\"async\" width=\"300\" height=\"300\" src=\"https:\/\/brainjusticeny.com\/wp-content\/uploads\/shutterstock_204149260-300x300-1.jpg\" alt=\"\" class=\"wp-image-8044\" srcset=\"https:\/\/brainjusticeny.com\/wp-content\/uploads\/shutterstock_204149260-300x300-1.jpg 300w, https:\/\/brainjusticeny.com\/wp-content\/uploads\/shutterstock_204149260-300x300-1-150x150.jpg 150w\" sizes=\"(max-width: 300px) 100vw, 300px\" \/><\/figure>\n<\/div>\n\n\n\n<div class=\"wp-block-column col-padded is-layout-flow wp-block-column-is-layout-flow\" style=\"flex-basis:80%\">\n<p><strong>C\u00d3MO SE PUEDE AYUDAR A UNA LESI\u00d3N CEREBRAL TRAUM\u00c1TICA<\/strong><\/p>\n\n\n\n<p>Por sorprendente que sea, a pesar de que una <a href=\"https:\/\/brainjusticeny.com\/es\/lesion-cerebral-traumatica-tbi-conmocion-cerebral\/\"><strong>lesi\u00f3n cerebral traum\u00e1tica<\/strong><\/a> (TBI, en ingl\u00e9s) (incluyendo las conmociones cerebrales) puede tener un impacto catastr\u00f3fico en la vida de uno, las opciones para tratar esta lesi\u00f3n son asombrosamente escasas. Una lesi\u00f3n cerebral puede requerir la rehabilitaci\u00f3n neurocognitiva intensiva. Sin embargo, esta rehabilitaci\u00f3n puede ser dif\u00edcil de encontrar y de costear. Los costos pueden ser prohibitivos. Las indemnizaciones de los litigios pueden ser una importante fuente de financiaci\u00f3n.<\/p>\n\n\n\n<p>La rehabilitaci\u00f3n neurocognitiva consiste en que el paciente trabaja con un neuropsic\u00f3logo y\/o coordina con un terapeuta cognitivo para enfocarse en las funciones cerebrales afectadas por el trauma. Esta rehabilitaci\u00f3n normalmente incluye actividades y ejercicios mentales que aumentan progresivamente en dificultad. Los resultados positivos se basan en aprovechar la capacidad del cerebro para crecer de nuevo, en particular al apoyar la generaci\u00f3n de nuevas v\u00edas de comunicaci\u00f3n cerebral. Dado que la funci\u00f3n cerebral est\u00e1 controlada en gran medida por redes que permiten la comunicaci\u00f3n entre las aproximadamente 86 mil millones de c\u00e9lulas cerebrales, estas nuevas v\u00edas pueden ayudar a restaurar las funciones cerebrales afectadas por las v\u00edas lesionadas en el trauma.<\/p>\n\n\n\n<p>La neurorehabilitaci\u00f3n tambi\u00e9n tiene un objetivo adaptativo, lo cual t\u00edpicamente incluir\u00e1 la capacitaci\u00f3n en el uso de diversas ayudas organizativas y de memoria, ya que la memoria de corto plazo y la organizaci\u00f3n sufren frecuentemente por da\u00f1os cerebrales traum\u00e1ticos. Esta rehabilitaci\u00f3n tambi\u00e9n puede incluir el desarrollo de nuevas estrategias para que el paciente realice actividades de la vida diaria, y si el paciente es capaz de seguir trabajando, nuevas estrategias para realizar su trabajo.<\/p>\n\n\n\n<p>La rehabilitaci\u00f3n tambi\u00e9n puede incluir la neuroretroalimentaci\u00f3n (neurofeedback) computarizada. Esta modalidad utiliza protocolos espec\u00edficos para el paciente con el fin de mejorar la funci\u00f3n el\u00e9ctrica del cerebro en las \u00e1reas da\u00f1adas. Las pruebas diagn\u00f3sticas preliminares incluyen el mapeo cerebral de la actividad el\u00e9ctrica del cerebro para identificar cuales \u00e1reas cerebrales deben ser el enfoque de la rehabilitaci\u00f3n.<\/p>\n\n\n\n<p><strong>LESIONES CEREBRALES TRAUM\u00c1TICAS: PREGUNTAS Y RESPUESTAS<\/strong><\/p>\n\n\n\n<p><strong>\u00bfQu\u00e9 es una lesi\u00f3n cerebral traum\u00e1tica (TBI)?<\/strong><\/p>\n\n\n\n<p>La lesi\u00f3n cerebral traum\u00e1tica (TBI, en ingl\u00e9s) significa los da\u00f1os cerebrales de diversas gravedades. Estas lesiones se dividen en tres clasificaciones principales: leve, moderada, o severa. En cuanto a la lesi\u00f3n cerebral traum\u00e1tica leve, puede que no sucediera una p\u00e9rdida de conocimiento o que hubiera una p\u00e9rdida m\u00ednima de conocimiento. La lesi\u00f3n cerebral traum\u00e1tica moderada puede incluir una p\u00e9rdida de conocimiento durante m\u00e1s tiempo. La lesi\u00f3n cerebral traum\u00e1tica severa implica una interrupci\u00f3n m\u00e1s prolongada de conocimiento.<\/p>\n\n\n\n<p>Sin embargo, una persona puede sufrir deficiencias graves, incapacitantes y de por vida en la funci\u00f3n cerebral sin ninguna p\u00e9rdida de conocimiento. Por lo tanto, incluso si una lesi\u00f3n cerebral se clasifica como \u00ableve\u00bb, no significa que sus consecuencias sean leves. Estas clasificaciones no se refieren a c\u00f3mo se encuentra una persona posterior al trauma con el paso de tiempo sino que c\u00f3mo parece la persona <em>justo despu\u00e9s del trauma.<\/em><\/p>\n\n\n\n<p>Debido a que el cerebro controla tantas funciones, entre estas tres clasificaciones de TBI, hay variaciones ilimitadas de TBI. Al igual que cada persona es \u00fanica, aunque las lesiones cerebrales traum\u00e1ticas pueden tener muchas caracter\u00edsticas en com\u00fan, cada una es distinta en t\u00e9rminos de los cambios cerebrales y de personalidad que provoca.<\/p>\n\n\n\n<p><strong>\u00bfCu\u00e1les son las causas de la lesi\u00f3n cerebral traum\u00e1tica?<\/strong><\/p>\n\n\n\n<p>Dado que el cerebro pesa aproximadamente 2 libras y media con una consistencia parecida a la gelatina, es fr\u00e1gil y por lo tanto bastante vulnerable a las lesiones. Debido a su fragilidad, la lesi\u00f3n cerebral ni siquiera requiere da\u00f1o a la cabeza. Por ejemplo, muchas lesiones cerebrales traum\u00e1ticas son el resultado de un mero latigazo cervical. Como consecuencia de que el cuello se mueve hacia adelante y hacia atr\u00e1s a una velocidad acelerada, por ejemplo durante un choque trasero o delantero, el cerebro puede ser sacudido dentro del cr\u00e1neo y lesionado de muchas maneras.&nbsp;<strong><em>Si existe suficiente fuerza para ocasionar un esguince o distensi\u00f3n del cuello, hay m\u00e1s que suficiente fuerza para causar una lesi\u00f3n cerebral.<\/em><\/strong><\/p>\n\n\n\n<p><strong>\u00bfQu\u00e9 es una conmoci\u00f3n cerebral? \u00bfY c\u00f3mo se relaciona con TBI? \u00bfLas palabras son intercambiables?<\/strong><\/p>\n\n\n\n<p>La conmoci\u00f3n cerebral consiste en una lesi\u00f3n cerebral que est\u00e1 asociada con una variedad de signos o s\u00edntomas tempranos. Pueden incluir: dolores de cabeza, mareos, visi\u00f3n doble, n\u00e1useas, v\u00f3mitos, zumbido en los o\u00eddos. Todos no tienen que estar presentes para que se diagnostique una conmoci\u00f3n cerebral. Algunos de estos s\u00edntomas pueden aparecer d\u00edas despu\u00e9s del trauma. En las semanas y a veces meses despu\u00e9s de una conmoci\u00f3n cerebral, una persona puede notar problemas adicionales como dificultades de memoria, irritabilidad, insomnio, fatiga y aumento de la somnolencia, dificultadas de atenci\u00f3n y concentraci\u00f3n, lentitud del proceso de pensar, problemas de recordar palabras, y muchas otras cosas.<\/p>\n\n\n\n<p>Cada conmoci\u00f3n cerebral es una lesi\u00f3n cerebral traum\u00e1tica. Pero no todas las lesiones cerebrales traum\u00e1ticas son una conmoci\u00f3n cerebral. La conmoci\u00f3n cerebral es intercambiable con la clasificaci\u00f3n \u00abla lesi\u00f3n cerebral traum\u00e1tica leve\u00bb. Sin embargo, como lo antedicho, la clasificaci\u00f3n, en vez de tratarse de sus consecuencias, significa el estado de una persona justo despu\u00e9s del trauma. Aunque los s\u00edntomas de conmoci\u00f3n cerebral se resuelven para muchas personas, cuanto mayor sea la persona o m\u00e1s conmociones cerebrales u otras lesiones cerebrales que haya tenido anteriormente, mayor ser\u00e1 el potencial de problemas cerebrales duraderos.<\/p>\n\n\n\n<p><strong>\u00bfQu\u00e9 se debe hacer si tiene TBI? \u00bfC\u00f3mo se debe tratar?<\/strong><\/p>\n\n\n\n<p>El tratamiento puede depender de la gravedad de la lesi\u00f3n cerebral. Las lesiones cerebrales traum\u00e1ticas moderadas y severas suelen requerir atenci\u00f3n m\u00e9dica intensiva y terapias psicol\u00f3gicas y cognitivas a largo plazo. En cuanto a una conmoci\u00f3n cerebral\/lesi\u00f3n cerebral traum\u00e1tica leve, si no se resuelve por s\u00ed sola con el tiempo, la terapia cognitiva o las terapias de neuroretroalimentaci\u00f3n (neurofeedback) pueden ser bastante beneficiosas para apoyar la recuperaci\u00f3n de la funci\u00f3n. La terapia cognitiva consiste en ejercicios y actividades para mejorar el rendimiento mental o desarrollar estrategias para adaptarse a las deficiencias de la funci\u00f3n mental. La neuroretroalimentaci\u00f3n (neurofeedback) incluye actividades por computadora con el objetivo de mejorar el funcionamiento el\u00e9ctrico del cerebro que a menudo producen mejoras correspondientes en el rendimiento mental.<\/p>\n\n\n\n<p><strong>Si el TBI no se diagnostica a tiempo, \u00bfcu\u00e1les son las repercusiones?<\/strong><\/p>\n\n\n\n<p>Depende de la naturaleza de la lesi\u00f3n cerebral. En el caso de una lesi\u00f3n cerebral traum\u00e1tica leve, el diagn\u00f3stico se retrasa con frecuencia ya que las v\u00edctimas de trauma y sus m\u00e9dicos generalmente est\u00e1n m\u00e1s centrados en las lesiones f\u00edsicas y el dolor. Pero un retraso en el diagn\u00f3stico de la lesi\u00f3n cerebral traum\u00e1tica puede resultar en confusi\u00f3n. La persona lesionada y su familia pueden preguntarse sobre la raz\u00f3n por la cual la personalidad de la persona lesionada ha cambiado o sus habilidades mentales han disminuido repentinamente.<\/p>\n\n\n\n<p><strong>\u00bfEmpeora la lesi\u00f3n cerebral traum\u00e1tica con el tiempo?<\/strong><\/p>\n\n\n\n<p>Dependiendo de la gravedad y la naturaleza de la lesi\u00f3n, muchas lesiones cerebrales traum\u00e1ticas se resuelven con una p\u00e9rdida limitada de la funci\u00f3n. Sin embargo, otras pueden tener consecuencias adversas retrasadas que tardan a\u00f1os o d\u00e9cadas en aparecer.<\/p>\n\n\n\n<p><strong>\u00bfCu\u00e1les son las consecuencias a largo plazo de la lesi\u00f3n cerebral traum\u00e1tica (TBI)?<\/strong><\/p>\n\n\n\n<p>Las consecuencias de TBI pueden incluir un deterioro de la mente de la persona y cambios en su capacidad para funcionar igual que antes. Para muchas v\u00edctimas de TBI, aunque pueden parecer igual en apariencia y forma de hablar, su esencia interior ha cambiado significativamente. Puede hacer que la vida sea muy dif\u00edcil e incluso desesperante. Dejar de tener las capacidades que siempre has tenido y que han sido parte de ti puede hacer que sea muy dif\u00edcil de salir adelante. Adem\u00e1s puede provocar una gran confusi\u00f3n y frustraci\u00f3n para los seres queridos cuando pareces lo mismo desde fuera, pero act\u00faas de manera tan diferente que antes.<\/p>\n\n\n\n<p><strong>\u00bfC\u00f3mo puede un abogado con conocimiento de TBI ayudar a una v\u00edctima de TBI?<\/strong><\/p>\n\n\n\n<p>Si el TBI es consecuencia de la negligencia por otra parte, un abogado puede representar a la v\u00edctima en una demanda. Durante el proceso, un abogado puede ayudar al cliente a entender la naturaleza completa de su enfermedad y lograr una indemnizaci\u00f3n por las diversas p\u00e9rdidas que la lesi\u00f3n ha provocado en su vida. Las p\u00e9rdidas pueden incluir ingresos, facturas m\u00e9dicas, costos de ayuda y atenci\u00f3n en el futuro, as\u00ed como compensaci\u00f3n por el dolor, el sufrimiento, y la p\u00e9rdida de disfrutar de la vida, tanto en el pasado como en el futuro. Debido a que muchos m\u00e9dicos no est\u00e1n suficientemente capacitados en TBI, los abogados pueden ayudar a mandar a sus clientes a hacerse pruebas y evaluaciones a las que sus m\u00e9dicos normalmente no los mandan a hacer.<\/p>\n\n\n\n<p><strong>Para un abogado<\/strong><strong>, <\/strong><strong>\u00bfqu\u00e9 es importante durante la representaci\u00f3n jur\u00eddica de un caso de TBI?<\/strong><\/p>\n\n\n\n<p>Un abogado de TBI debe asegurarse de que sus clientes han tenido evaluaciones por los profesionales indicados que investigan a fondo el da\u00f1o cerebral. Estas evaluaciones normalmente sobrepasan lo que los m\u00e9dicos piden para el diagn\u00f3stico de TBI.<\/p>\n\n\n\n<p>Los abogados deben entender que representan a cuatro personas diferentes. Qui\u00e9n era el cliente antes; qui\u00e9n es el cliente ahora; qui\u00e9n habr\u00eda sido ese cliente; y en qui\u00e9n se convertir\u00e1 ese cliente y las dificultades que enfrentar\u00e1n en el futuro. Es particularmente importante que los abogados entiendan la manera en que sus clientes sufrir\u00e1n por una lesi\u00f3n cerebral en el futuro porque las dificultades infligidas por el TBI pueden ser horribles si no hay los recursos financieros adecuados para hacer frente a ellas al envejecer la persona.<\/p>\n\n\n\n<p><strong>\u00bfPor qu\u00e9 es importante la neurociencia en la evaluaci\u00f3n de los casos de TBI?<\/strong><\/p>\n\n\n\n<p>Desde un punto de vista m\u00e9dico, los doctores tienen la capacitaci\u00f3n para diagnosticar y ofrecer tratamiento. Por ejemplo, un m\u00e9dico puede diagnosticar una conmoci\u00f3n cerebral. Pero una conmoci\u00f3n cerebral puede tener muchas consecuencias diferentes. La neurociencia tiene varias maneras de investigar esas consecuencias de maneras que no cambian el diagn\u00f3stico del m\u00e9dico, pero que potencialmente pueden aportar mucha m\u00e1s informaci\u00f3n sobre c\u00f3mo el cerebro ha sido afectado por ese diagn\u00f3stico. Por lo tanto, un bufete de abogados que tiene experiencia y pericia en la neurociencia puede representar a una v\u00edctima de TBI de una manera mucho m\u00e1s contundente: en primer lugar, al asegurar que las dimensiones de la lesi\u00f3n se investigan con mucho m\u00e1s profundidad de lo que se hace normalmente en una visita m\u00e9dica; y, segundo, al obtener pruebas m\u00e1s fiables de la lesi\u00f3n cerebral traum\u00e1tica.<\/p>\n<\/div>\n<\/div>\n","protected":false},"excerpt":{"rendered":"<p>C\u00d3MO SE PUEDE AYUDAR A UNA LESI\u00d3N CEREBRAL TRAUM\u00c1TICA Por sorprendente que sea, a pesar de que una lesi\u00f3n cerebral traum\u00e1tica (TBI, en ingl\u00e9s) (incluyendo las conmociones cerebrales) puede tener un impacto catastr\u00f3fico en la vida de uno, las opciones para tratar esta lesi\u00f3n son asombrosamente escasas. Una lesi\u00f3n cerebral puede requerir la rehabilitaci\u00f3n neurocognitiva [&hellip;]<\/p>\n","protected":false},"author":6,"featured_media":0,"parent":0,"menu_order":33,"comment_status":"closed","ping_status":"closed","template":"","meta":{"footnotes":""},"class_list":["post-2856","page","type-page","status-publish","hentry"],"yoast_head":"<!-- This site is optimized with the Yoast SEO plugin v21.7 - https:\/\/yoast.com\/wordpress\/plugins\/seo\/ -->\n<title>INFORMACI\u00d3N SOBRE LA LESI\u00d3N CEREBRAL TRAUM\u00c1TICA | The Flomenhaft Law Firm, PLLC<\/title>\n<meta name=\"description\" content=\"C\u00d3MO SE PUEDE AYUDAR A UNA LESI\u00d3N CEREBRAL TRAUM\u00c1TICA Por sorprendente que sea, a pesar de que una lesi\u00f3n cerebral traum\u00e1tica (TBI, en ingl\u00e9s) (incluyendo\" \/>\n<meta name=\"robots\" content=\"index, follow, max-snippet:-1, max-image-preview:large, max-video-preview:-1\" \/>\n<link rel=\"canonical\" href=\"https:\/\/brainjusticeny.com\/es\/informacion-sobre-la-lesion-cerebral-traumatica\/\" \/>\n<meta name=\"twitter:card\" content=\"summary_large_image\" \/>\n<meta name=\"twitter:title\" content=\"INFORMACI\u00d3N SOBRE LA LESI\u00d3N CEREBRAL TRAUM\u00c1TICA | The Flomenhaft Law Firm, PLLC\" \/>\n<meta name=\"twitter:description\" content=\"C\u00d3MO SE PUEDE AYUDAR A UNA LESI\u00d3N CEREBRAL TRAUM\u00c1TICA Por sorprendente que sea, a pesar de que una lesi\u00f3n cerebral traum\u00e1tica (TBI, en ingl\u00e9s) (incluyendo\" \/>\n<meta name=\"twitter:image\" content=\"https:\/\/brainjusticeny.com\/wp-content\/uploads\/shutterstock_204149260-300x300-1.jpg\" \/>\n<meta name=\"twitter:label1\" content=\"Tiempo de lectura\" \/>\n\t<meta name=\"twitter:data1\" content=\"8 minutos\" \/>\n<script type=\"application\/ld+json\" class=\"yoast-schema-graph\">{\"@context\":\"https:\/\/schema.org\",\"@graph\":[{\"@type\":\"WebPage\",\"@id\":\"https:\/\/brainjusticeny.com\/es\/informacion-sobre-la-lesion-cerebral-traumatica\/\",\"url\":\"https:\/\/brainjusticeny.com\/es\/informacion-sobre-la-lesion-cerebral-traumatica\/\",\"name\":\"INFORMACI\u00d3N SOBRE LA LESI\u00d3N CEREBRAL TRAUM\u00c1TICA | The Flomenhaft Law Firm, PLLC\",\"isPartOf\":{\"@id\":\"https:\/\/brainjusticeny.com\/es\/#website\"},\"datePublished\":\"2019-11-26T20:40:02+00:00\",\"dateModified\":\"2022-07-29T17:51:38+00:00\",\"description\":\"C\u00d3MO SE PUEDE AYUDAR A UNA LESI\u00d3N CEREBRAL TRAUM\u00c1TICA Por sorprendente que sea, a pesar de que una lesi\u00f3n cerebral traum\u00e1tica (TBI, en ingl\u00e9s) (incluyendo\",\"breadcrumb\":{\"@id\":\"https:\/\/brainjusticeny.com\/es\/informacion-sobre-la-lesion-cerebral-traumatica\/#breadcrumb\"},\"inLanguage\":\"es\",\"potentialAction\":[{\"@type\":\"ReadAction\",\"target\":[\"https:\/\/brainjusticeny.com\/es\/informacion-sobre-la-lesion-cerebral-traumatica\/\"]}]},{\"@type\":\"BreadcrumbList\",\"@id\":\"https:\/\/brainjusticeny.com\/es\/informacion-sobre-la-lesion-cerebral-traumatica\/#breadcrumb\",\"itemListElement\":[{\"@type\":\"ListItem\",\"position\":1,\"name\":\"Home\",\"item\":\"https:\/\/brainjusticeny.com\/es\/\"},{\"@type\":\"ListItem\",\"position\":2,\"name\":\"INFORMACI\u00d3N SOBRE LA LESI\u00d3N CEREBRAL TRAUM\u00c1TICA\"}]},{\"@type\":\"WebSite\",\"@id\":\"https:\/\/brainjusticeny.com\/es\/#website\",\"url\":\"https:\/\/brainjusticeny.com\/es\/\",\"name\":\"The Flomenhaft Law Firm, PLLC\",\"description\":\"Lawyers for the traumatically brain injured or negligence victims suffering severe chronic pain\",\"publisher\":{\"@id\":\"https:\/\/brainjusticeny.com\/es\/#organization\"},\"potentialAction\":[{\"@type\":\"SearchAction\",\"target\":{\"@type\":\"EntryPoint\",\"urlTemplate\":\"https:\/\/brainjusticeny.com\/es\/?s={search_term_string}\"},\"query-input\":\"required name=search_term_string\"}],\"inLanguage\":\"es\"},{\"@type\":\"Organization\",\"@id\":\"https:\/\/brainjusticeny.com\/es\/#organization\",\"name\":\"The Flomenhaft Law Firm, PLLC\",\"url\":\"https:\/\/brainjusticeny.com\/es\/\",\"logo\":{\"@type\":\"ImageObject\",\"inLanguage\":\"es\",\"@id\":\"https:\/\/brainjusticeny.com\/es\/#\/schema\/logo\/image\/\",\"url\":\"https:\/\/brainjusticeny.com\/wp-content\/uploads\/flomenhaft-logo-pllc-1.jpg\",\"contentUrl\":\"https:\/\/brainjusticeny.com\/wp-content\/uploads\/flomenhaft-logo-pllc-1.jpg\",\"width\":229,\"height\":52,\"caption\":\"The Flomenhaft Law Firm, PLLC\"},\"image\":{\"@id\":\"https:\/\/brainjusticeny.com\/es\/#\/schema\/logo\/image\/\"}}]}<\/script>\n<!-- \/ Yoast SEO plugin. -->","yoast_head_json":{"title":"INFORMACI\u00d3N SOBRE LA LESI\u00d3N CEREBRAL TRAUM\u00c1TICA | The Flomenhaft Law Firm, PLLC","description":"C\u00d3MO SE PUEDE AYUDAR A UNA LESI\u00d3N CEREBRAL TRAUM\u00c1TICA Por sorprendente que sea, a pesar de que una lesi\u00f3n cerebral traum\u00e1tica (TBI, en ingl\u00e9s) (incluyendo","robots":{"index":"index","follow":"follow","max-snippet":"max-snippet:-1","max-image-preview":"max-image-preview:large","max-video-preview":"max-video-preview:-1"},"canonical":"https:\/\/brainjusticeny.com\/es\/informacion-sobre-la-lesion-cerebral-traumatica\/","twitter_card":"summary_large_image","twitter_title":"INFORMACI\u00d3N SOBRE LA LESI\u00d3N CEREBRAL TRAUM\u00c1TICA | The Flomenhaft Law Firm, PLLC","twitter_description":"C\u00d3MO SE PUEDE AYUDAR A UNA LESI\u00d3N CEREBRAL TRAUM\u00c1TICA Por sorprendente que sea, a pesar de que una lesi\u00f3n cerebral traum\u00e1tica (TBI, en ingl\u00e9s) (incluyendo","twitter_image":"https:\/\/brainjusticeny.com\/wp-content\/uploads\/shutterstock_204149260-300x300-1.jpg","twitter_misc":{"Tiempo de lectura":"8 minutos"},"schema":{"@context":"https:\/\/schema.org","@graph":[{"@type":"WebPage","@id":"https:\/\/brainjusticeny.com\/es\/informacion-sobre-la-lesion-cerebral-traumatica\/","url":"https:\/\/brainjusticeny.com\/es\/informacion-sobre-la-lesion-cerebral-traumatica\/","name":"INFORMACI\u00d3N SOBRE LA LESI\u00d3N CEREBRAL TRAUM\u00c1TICA | The Flomenhaft Law Firm, PLLC","isPartOf":{"@id":"https:\/\/brainjusticeny.com\/es\/#website"},"datePublished":"2019-11-26T20:40:02+00:00","dateModified":"2022-07-29T17:51:38+00:00","description":"C\u00d3MO SE PUEDE AYUDAR A UNA LESI\u00d3N CEREBRAL TRAUM\u00c1TICA Por sorprendente que sea, a pesar de que una lesi\u00f3n cerebral traum\u00e1tica (TBI, en ingl\u00e9s) (incluyendo","breadcrumb":{"@id":"https:\/\/brainjusticeny.com\/es\/informacion-sobre-la-lesion-cerebral-traumatica\/#breadcrumb"},"inLanguage":"es","potentialAction":[{"@type":"ReadAction","target":["https:\/\/brainjusticeny.com\/es\/informacion-sobre-la-lesion-cerebral-traumatica\/"]}]},{"@type":"BreadcrumbList","@id":"https:\/\/brainjusticeny.com\/es\/informacion-sobre-la-lesion-cerebral-traumatica\/#breadcrumb","itemListElement":[{"@type":"ListItem","position":1,"name":"Home","item":"https:\/\/brainjusticeny.com\/es\/"},{"@type":"ListItem","position":2,"name":"INFORMACI\u00d3N SOBRE LA LESI\u00d3N CEREBRAL TRAUM\u00c1TICA"}]},{"@type":"WebSite","@id":"https:\/\/brainjusticeny.com\/es\/#website","url":"https:\/\/brainjusticeny.com\/es\/","name":"The Flomenhaft Law Firm, PLLC","description":"Lawyers for the traumatically brain injured or negligence victims suffering severe chronic pain","publisher":{"@id":"https:\/\/brainjusticeny.com\/es\/#organization"},"potentialAction":[{"@type":"SearchAction","target":{"@type":"EntryPoint","urlTemplate":"https:\/\/brainjusticeny.com\/es\/?s={search_term_string}"},"query-input":"required name=search_term_string"}],"inLanguage":"es"},{"@type":"Organization","@id":"https:\/\/brainjusticeny.com\/es\/#organization","name":"The Flomenhaft Law Firm, PLLC","url":"https:\/\/brainjusticeny.com\/es\/","logo":{"@type":"ImageObject","inLanguage":"es","@id":"https:\/\/brainjusticeny.com\/es\/#\/schema\/logo\/image\/","url":"https:\/\/brainjusticeny.com\/wp-content\/uploads\/flomenhaft-logo-pllc-1.jpg","contentUrl":"https:\/\/brainjusticeny.com\/wp-content\/uploads\/flomenhaft-logo-pllc-1.jpg","width":229,"height":52,"caption":"The Flomenhaft Law Firm, PLLC"},"image":{"@id":"https:\/\/brainjusticeny.com\/es\/#\/schema\/logo\/image\/"}}]}},"_links":{"self":[{"href":"https:\/\/brainjusticeny.com\/es\/wp-json\/wp\/v2\/pages\/2856","targetHints":{"allow":["GET"]}}],"collection":[{"href":"https:\/\/brainjusticeny.com\/es\/wp-json\/wp\/v2\/pages"}],"about":[{"href":"https:\/\/brainjusticeny.com\/es\/wp-json\/wp\/v2\/types\/page"}],"author":[{"embeddable":true,"href":"https:\/\/brainjusticeny.com\/es\/wp-json\/wp\/v2\/users\/6"}],"replies":[{"embeddable":true,"href":"https:\/\/brainjusticeny.com\/es\/wp-json\/wp\/v2\/comments?post=2856"}],"version-history":[{"count":0,"href":"https:\/\/brainjusticeny.com\/es\/wp-json\/wp\/v2\/pages\/2856\/revisions"}],"wp:attachment":[{"href":"https:\/\/brainjusticeny.com\/es\/wp-json\/wp\/v2\/media?parent=2856"}],"curies":[{"name":"wp","href":"https:\/\/api.w.org\/{rel}","templated":true}]}}