{"id":2853,"date":"2019-11-26T15:37:01","date_gmt":"2019-11-26T20:37:01","guid":{"rendered":"https:\/\/brainjusticeny.com\/?page_id=2853"},"modified":"2022-07-29T13:52:34","modified_gmt":"2022-07-29T17:52:34","slug":"el-dolor-cronico-severo","status":"publish","type":"page","link":"https:\/\/brainjusticeny.com\/es\/el-dolor-cronico-severo\/","title":{"rendered":"EL DOLOR CR\u00d3NICO SEVERO"},"content":{"rendered":"\n<div class=\"wp-block-columns is-layout-flex wp-container-core-columns-is-layout-1 wp-block-columns-is-layout-flex\">\n<div class=\"wp-block-column is-layout-flow wp-block-column-is-layout-flow\" style=\"flex-basis:20%\">\n<figure class=\"wp-block-image size-full is-resized fullwidth-image\"><img decoding=\"async\" src=\"https:\/\/brainjusticeny.com\/wp-content\/uploads\/10_SeChPa-1.png\" alt=\"\" class=\"wp-image-8032\" width=\"180\" height=\"266\"\/><\/figure>\n\n\n\n<figure class=\"wp-block-image size-full fullwidth-image\"><img decoding=\"async\" width=\"180\" height=\"266\" src=\"https:\/\/brainjusticeny.com\/wp-content\/uploads\/10_SeChPa2.png\" alt=\"\" class=\"wp-image-8035\"\/><\/figure>\n<\/div>\n\n\n\n<div class=\"wp-block-column col-padded is-layout-flow wp-block-column-is-layout-flow\" style=\"flex-basis:80%\">\n<p>El dolor es un reclamo fundamental que forma parte de casi todas las demandas por lesiones personales. Sin embargo, el dolor es invisible, lo cual puede ocultar la agon\u00eda y reducir la indemnizaci\u00f3n en gran medida. The Flomenhaft Law Firm, PLLC se compromete a prevenir esta injusticia. Entendemos que el dolor es mucho m\u00e1s que sentirse mal. M\u00e1s bien, consideramos que el dolor cr\u00f3nico severo es una enfermedad.<\/p>\n\n\n\n<p>El dolor cr\u00f3nico severo puede da\u00f1ar las c\u00e9lulas cerebrales, encoger el cerebro, y deteriorar la mente. Agota el cuerpo al saturarlo con hormonas destructivas del estr\u00e9s que pueden acelerar el envejecimiento y debilitar la funci\u00f3n inmunol\u00f3gica, lo cual aumenta la vulnerabilidad a padecimientos y enfermedades. El dolor se intensifica debido a la ansiedad y la depresi\u00f3n relacionadas con el mismo. De hecho, con el tiempo el dolor cr\u00f3nico severo puede infligir cambios en el sistema nervioso, transform\u00e1ndolo en un motor que genera un dolor a\u00fan m\u00e1s severo e implacable.<\/p>\n\n\n\n<p>Nuestra experiencia de litigar casos de dolor severo incluye representar a muchos clientes que sufren de un dolor casi insoportable y ayudar a otros bufetes de abogados por todos los Estados Unidos que buscan nuestra ayuda para que sus propios clientes que sufren del dolor cuenten con mejor representaci\u00f3n legal.<\/p>\n\n\n\n<p>Lo imprescindible de probar el dolor de modo persuasivo es abordar estas preguntas: \u00bfCu\u00e1l es la causa? \u00bfPor qu\u00e9 es tan severo? \u00bfC\u00f3mo puede el dolor resistir incluso los medicamentos m\u00e1s potentes? \u00bfHa ocurrido da\u00f1o al cerebro? Debido a nuestro conocimiento y experiencia en la neurociencia, facilitamos que los jurados respondan a estas preguntas.<\/p>\n\n\n\n<p>Muchos de nuestros casos de dolor severo incluyen el s\u00edndrome de dolor regional complejo (CRPS, en ingl\u00e9s), tambi\u00e9n conocido como distrofia simp\u00e1tica refleja (RSD, en ingl\u00e9s). Estos trastornos se tratan de la activaci\u00f3n traum\u00e1tica de dolor insoportable o de ardor ag\u00f3nico, con mayor sensibilidad al tacto (alodinia), o un aumento desproporcionado de la gravedad o duraci\u00f3n del dolor (hiperpat\u00eda). El CRPS puede desarrollarse r\u00e1pidamente o aparecer durante d\u00edas, semanas, o meses. Las se\u00f1ales de CRPS durante la primera etapa incluyen la hinchaz\u00f3n, cambios de color, o intolerancia a la temperatura. Adem\u00e1s, CRPS\/RSD puede extenderse a partes del cuerpo que no resultaron da\u00f1adas originalmente. Desafortunadamente, debido a que muchas veces el CRPS se desencadena por lesiones relativamente menores como un esguince de tobillo o rodilla o incluso un latigazo cervical leve, los m\u00e9dicos frecuentemente no detectan este problema potencialmente catastr\u00f3fico. <a href=\"https:\/\/brainjusticeny.com\/es\/informacion-sobre-crps-rsd\/\"><strong>Informaci\u00f3n sobre CRPS\/RSD<\/strong><\/a><\/p>\n\n\n\n<p>Ya sea que el dolor provenga de lesiones de la m\u00e9dula espinal, cuello, espalda, brazo o pierna, o de cirug\u00edas con el fin de tratar la lesi\u00f3n, o de trauma por negligencia o negligencia m\u00e9dica, la mejor manera de probarlo consiste en m\u00e1s que entender la neurociencia. Es necesario entender a fondo sobre la vida de nuestro cliente y la manera en que el dolor severo arruina la vida cada d\u00eda m\u00e1s.&nbsp;The Flomenhaft Law Firm, PLLC entiende la angustia que sufren las v\u00edctimas del dolor, incluso el escepticismo de hasta los amigos y los seres queridos a medida que el dolor continua, y la soledad que resulta del aislamiento y las limitaciones que el dolor impone sobre el trabajo, las relaciones, y la vida social. Entendemos que el dolor tiene un control intransigente y destructivo sobre casi cada momento de la vida, adem\u00e1s de la impotencia y desesperaci\u00f3n que envuelven a sus v\u00edctimas.<\/p>\n\n\n\n<h3 class=\"has-text-align-center wp-block-heading\" style=\"font-size:15px;text-transform:uppercase\">LLEGAMOS AL TRIBUNAL PREPARADOs PARA probar ESTAS P\u00e9rdidas y buscar considerables indemnizaciones que sopesan debidamente su magnitud.<\/h3>\n\n\n\n<p>El Sr. Flomenhaft fue un ponente destacado en la Conferencia Judicial del Segundo Circuito de <a href=\"https:\/\/brainjusticeny.com\/wp-content\/uploads\/Conference-Agenda.pdf\"><strong>2011: The Legal Brain-Scape: NEUROSCIENCE &amp; THE LAW<\/strong><\/a>. Coment\u00f3 sobre c\u00f3mo probar el dolor cr\u00f3nico severo al mostrar la manera en que el cerebro registra el dolor severo y la manera en que ese dolor da\u00f1a al cerebro con el tiempo. A continuaci\u00f3n est\u00e1 el art\u00edculo que Michael Flomenhaft pronunci\u00f3 en la conferencia sobre los efectos cerebrales demostrables del dolor cr\u00f3nico severo: <a href=\"\/wp-content\/uploads\/The-Emerging-Imaging-Science-of-Chronic-Pain-Objectifying-the-Subjective.pdf\">The Emerging Imaging Science of Chronic Pain Objectifying the Subjective<\/a>. Adem\u00e1s, vea sus entrevistas en CUNY TV Science &amp; U! Program: <a href=\"https:\/\/brainjusticeny.com\/es\/michael-flomenhaft-aparece-en-el-programa-de-cuny-tv-science-u-proof-of-pain-3-de-noviembre-de-2015\/\"><strong>11\/3\/15<\/strong><\/a> y <a href=\"https:\/\/brainjusticeny.com\/es\/michael-flomenhaft-aparece-en-dos-programas-televisados-todays-verdict-how-chronic-pain-can-damage-the-brain-y-cuny-tv-science-u-capitulo-proof-of-pain\/\"><strong>6\/26\/12<\/strong><\/a><strong>.<\/strong><\/p>\n\n\n\n<p>Michael Flomenhaft comparte sus perspectivas sobre CRPS\/RSD<\/p>\n\n\n\n<figure class=\"wp-block-audio\"><audio controls src=\"https:\/\/brainjusticeny.com\/wp-content\/uploads\/Z0000014.mp3\"><\/audio><\/figure>\n<\/div>\n<\/div>\n","protected":false},"excerpt":{"rendered":"<p>El dolor es un reclamo fundamental que forma parte de casi todas las demandas por lesiones personales. Sin embargo, el dolor es invisible, lo cual puede ocultar la agon\u00eda y reducir la indemnizaci\u00f3n en gran medida. The Flomenhaft Law Firm, PLLC se compromete a prevenir esta injusticia. Entendemos que el dolor es mucho m\u00e1s que [&hellip;]<\/p>\n","protected":false},"author":6,"featured_media":0,"parent":0,"menu_order":9,"comment_status":"closed","ping_status":"closed","template":"","meta":{"footnotes":""},"class_list":["post-2853","page","type-page","status-publish","hentry"],"yoast_head":"<!-- This site is optimized with the Yoast SEO plugin v21.7 - https:\/\/yoast.com\/wordpress\/plugins\/seo\/ -->\n<title>EL DOLOR CR\u00d3NICO SEVERO | The Flomenhaft Law Firm, PLLC<\/title>\n<meta name=\"description\" content=\"El dolor es un reclamo fundamental que forma parte de casi todas las demandas por lesiones personales. Sin embargo, el dolor es invisible, lo cual puede\" \/>\n<meta name=\"robots\" content=\"index, follow, max-snippet:-1, max-image-preview:large, max-video-preview:-1\" \/>\n<link rel=\"canonical\" href=\"https:\/\/brainjusticeny.com\/es\/el-dolor-cronico-severo\/\" \/>\n<meta name=\"twitter:card\" content=\"summary_large_image\" \/>\n<meta name=\"twitter:title\" content=\"EL DOLOR CR\u00d3NICO SEVERO | The Flomenhaft Law Firm, PLLC\" \/>\n<meta name=\"twitter:description\" content=\"El dolor es un reclamo fundamental que forma parte de casi todas las demandas por lesiones personales. Sin embargo, el dolor es invisible, lo cual puede\" \/>\n<meta name=\"twitter:image\" content=\"https:\/\/brainjusticeny.com\/wp-content\/uploads\/10_SeChPa-1.png\" \/>\n<meta name=\"twitter:label1\" content=\"Tiempo de lectura\" \/>\n\t<meta name=\"twitter:data1\" content=\"4 minutos\" \/>\n<script type=\"application\/ld+json\" class=\"yoast-schema-graph\">{\"@context\":\"https:\/\/schema.org\",\"@graph\":[{\"@type\":\"WebPage\",\"@id\":\"https:\/\/brainjusticeny.com\/es\/el-dolor-cronico-severo\/\",\"url\":\"https:\/\/brainjusticeny.com\/es\/el-dolor-cronico-severo\/\",\"name\":\"EL DOLOR CR\u00d3NICO SEVERO | The Flomenhaft Law Firm, PLLC\",\"isPartOf\":{\"@id\":\"https:\/\/brainjusticeny.com\/es\/#website\"},\"datePublished\":\"2019-11-26T20:37:01+00:00\",\"dateModified\":\"2022-07-29T17:52:34+00:00\",\"description\":\"El dolor es un reclamo fundamental que forma parte de casi todas las demandas por lesiones personales. Sin embargo, el dolor es invisible, lo cual puede\",\"breadcrumb\":{\"@id\":\"https:\/\/brainjusticeny.com\/es\/el-dolor-cronico-severo\/#breadcrumb\"},\"inLanguage\":\"es\",\"potentialAction\":[{\"@type\":\"ReadAction\",\"target\":[\"https:\/\/brainjusticeny.com\/es\/el-dolor-cronico-severo\/\"]}]},{\"@type\":\"BreadcrumbList\",\"@id\":\"https:\/\/brainjusticeny.com\/es\/el-dolor-cronico-severo\/#breadcrumb\",\"itemListElement\":[{\"@type\":\"ListItem\",\"position\":1,\"name\":\"Home\",\"item\":\"https:\/\/brainjusticeny.com\/es\/\"},{\"@type\":\"ListItem\",\"position\":2,\"name\":\"EL DOLOR CR\u00d3NICO SEVERO\"}]},{\"@type\":\"WebSite\",\"@id\":\"https:\/\/brainjusticeny.com\/es\/#website\",\"url\":\"https:\/\/brainjusticeny.com\/es\/\",\"name\":\"The Flomenhaft Law Firm, PLLC\",\"description\":\"Lawyers for the traumatically brain injured or negligence victims suffering severe chronic pain\",\"publisher\":{\"@id\":\"https:\/\/brainjusticeny.com\/es\/#organization\"},\"potentialAction\":[{\"@type\":\"SearchAction\",\"target\":{\"@type\":\"EntryPoint\",\"urlTemplate\":\"https:\/\/brainjusticeny.com\/es\/?s={search_term_string}\"},\"query-input\":\"required name=search_term_string\"}],\"inLanguage\":\"es\"},{\"@type\":\"Organization\",\"@id\":\"https:\/\/brainjusticeny.com\/es\/#organization\",\"name\":\"The Flomenhaft Law Firm, PLLC\",\"url\":\"https:\/\/brainjusticeny.com\/es\/\",\"logo\":{\"@type\":\"ImageObject\",\"inLanguage\":\"es\",\"@id\":\"https:\/\/brainjusticeny.com\/es\/#\/schema\/logo\/image\/\",\"url\":\"https:\/\/brainjusticeny.com\/wp-content\/uploads\/flomenhaft-logo-pllc-1.jpg\",\"contentUrl\":\"https:\/\/brainjusticeny.com\/wp-content\/uploads\/flomenhaft-logo-pllc-1.jpg\",\"width\":229,\"height\":52,\"caption\":\"The Flomenhaft Law Firm, PLLC\"},\"image\":{\"@id\":\"https:\/\/brainjusticeny.com\/es\/#\/schema\/logo\/image\/\"}}]}<\/script>\n<!-- \/ Yoast SEO plugin. -->","yoast_head_json":{"title":"EL DOLOR CR\u00d3NICO SEVERO | The Flomenhaft Law Firm, PLLC","description":"El dolor es un reclamo fundamental que forma parte de casi todas las demandas por lesiones personales. Sin embargo, el dolor es invisible, lo cual puede","robots":{"index":"index","follow":"follow","max-snippet":"max-snippet:-1","max-image-preview":"max-image-preview:large","max-video-preview":"max-video-preview:-1"},"canonical":"https:\/\/brainjusticeny.com\/es\/el-dolor-cronico-severo\/","twitter_card":"summary_large_image","twitter_title":"EL DOLOR CR\u00d3NICO SEVERO | The Flomenhaft Law Firm, PLLC","twitter_description":"El dolor es un reclamo fundamental que forma parte de casi todas las demandas por lesiones personales. Sin embargo, el dolor es invisible, lo cual puede","twitter_image":"https:\/\/brainjusticeny.com\/wp-content\/uploads\/10_SeChPa-1.png","twitter_misc":{"Tiempo de lectura":"4 minutos"},"schema":{"@context":"https:\/\/schema.org","@graph":[{"@type":"WebPage","@id":"https:\/\/brainjusticeny.com\/es\/el-dolor-cronico-severo\/","url":"https:\/\/brainjusticeny.com\/es\/el-dolor-cronico-severo\/","name":"EL DOLOR CR\u00d3NICO SEVERO | The Flomenhaft Law Firm, PLLC","isPartOf":{"@id":"https:\/\/brainjusticeny.com\/es\/#website"},"datePublished":"2019-11-26T20:37:01+00:00","dateModified":"2022-07-29T17:52:34+00:00","description":"El dolor es un reclamo fundamental que forma parte de casi todas las demandas por lesiones personales. Sin embargo, el dolor es invisible, lo cual puede","breadcrumb":{"@id":"https:\/\/brainjusticeny.com\/es\/el-dolor-cronico-severo\/#breadcrumb"},"inLanguage":"es","potentialAction":[{"@type":"ReadAction","target":["https:\/\/brainjusticeny.com\/es\/el-dolor-cronico-severo\/"]}]},{"@type":"BreadcrumbList","@id":"https:\/\/brainjusticeny.com\/es\/el-dolor-cronico-severo\/#breadcrumb","itemListElement":[{"@type":"ListItem","position":1,"name":"Home","item":"https:\/\/brainjusticeny.com\/es\/"},{"@type":"ListItem","position":2,"name":"EL DOLOR CR\u00d3NICO SEVERO"}]},{"@type":"WebSite","@id":"https:\/\/brainjusticeny.com\/es\/#website","url":"https:\/\/brainjusticeny.com\/es\/","name":"The Flomenhaft Law Firm, PLLC","description":"Lawyers for the traumatically brain injured or negligence victims suffering severe chronic pain","publisher":{"@id":"https:\/\/brainjusticeny.com\/es\/#organization"},"potentialAction":[{"@type":"SearchAction","target":{"@type":"EntryPoint","urlTemplate":"https:\/\/brainjusticeny.com\/es\/?s={search_term_string}"},"query-input":"required name=search_term_string"}],"inLanguage":"es"},{"@type":"Organization","@id":"https:\/\/brainjusticeny.com\/es\/#organization","name":"The Flomenhaft Law Firm, PLLC","url":"https:\/\/brainjusticeny.com\/es\/","logo":{"@type":"ImageObject","inLanguage":"es","@id":"https:\/\/brainjusticeny.com\/es\/#\/schema\/logo\/image\/","url":"https:\/\/brainjusticeny.com\/wp-content\/uploads\/flomenhaft-logo-pllc-1.jpg","contentUrl":"https:\/\/brainjusticeny.com\/wp-content\/uploads\/flomenhaft-logo-pllc-1.jpg","width":229,"height":52,"caption":"The Flomenhaft Law Firm, PLLC"},"image":{"@id":"https:\/\/brainjusticeny.com\/es\/#\/schema\/logo\/image\/"}}]}},"_links":{"self":[{"href":"https:\/\/brainjusticeny.com\/es\/wp-json\/wp\/v2\/pages\/2853","targetHints":{"allow":["GET"]}}],"collection":[{"href":"https:\/\/brainjusticeny.com\/es\/wp-json\/wp\/v2\/pages"}],"about":[{"href":"https:\/\/brainjusticeny.com\/es\/wp-json\/wp\/v2\/types\/page"}],"author":[{"embeddable":true,"href":"https:\/\/brainjusticeny.com\/es\/wp-json\/wp\/v2\/users\/6"}],"replies":[{"embeddable":true,"href":"https:\/\/brainjusticeny.com\/es\/wp-json\/wp\/v2\/comments?post=2853"}],"version-history":[{"count":0,"href":"https:\/\/brainjusticeny.com\/es\/wp-json\/wp\/v2\/pages\/2853\/revisions"}],"wp:attachment":[{"href":"https:\/\/brainjusticeny.com\/es\/wp-json\/wp\/v2\/media?parent=2853"}],"curies":[{"name":"wp","href":"https:\/\/api.w.org\/{rel}","templated":true}]}}