{"id":2850,"date":"2019-11-26T15:31:35","date_gmt":"2019-11-26T20:31:35","guid":{"rendered":"https:\/\/brainjusticeny.com\/?page_id=2850"},"modified":"2026-04-18T15:30:03","modified_gmt":"2026-04-18T19:30:03","slug":"casos-de-exito","status":"publish","type":"page","link":"https:\/\/brainjusticeny.com\/es\/casos-de-exito\/","title":{"rendered":"CASOS DE \u00c9XITO"},"content":{"rendered":"\n<p>Cuando las lesiones de un demandante son claramente catastr\u00f3ficas y la culpa del demandado es indiscutiblemente evidente, no es de extra\u00f1ar que la demanda resulte en una considerable indemnizaci\u00f3n.<\/p>\n\n\n\n<p>Pero, \u00bfqu\u00e9 sucede en los casos de lesiones personales en los que el cliente lesionado ha sufrido una lesi\u00f3n que es invisible pero que sigue siendo incapacitante? Desafortunadamente, ciertas lesiones son ignoradas, tanto por los m\u00e9dicos como por los abogados.<\/p>\n\n\n\n<p>La <a href=\"https:\/\/brainjusticeny.com\/es\/lesion-cerebral-traumatica-tbi-conmocion-cerebral\/\"><strong>lesi\u00f3n cerebral traum\u00e1tica<\/strong><\/a> (TBI)\/conmoci\u00f3n cerebral y ciertos problemas de <a href=\"https:\/\/brainjusticeny.com\/es\/el-dolor-cronico-severo\/\"><strong>dolor severo<\/strong><\/a> (incluyendo el s\u00edndrome de dolor regional complejo o distrofia simp\u00e1tica refleja) son ejemplos del tipo de lesi\u00f3n que puede ser subdiagnosticada o pasar sin diagnosticar por algunos m\u00e9dicos. A menudo, las radiograf\u00edas, las tomograf\u00edas computarizadas, y las resonancias magn\u00e9ticas tradicionales simplemente no son lo suficientemente sensibles como para establecer la presencia y la gravedad de estas lesiones sutiles pero incapacitantes. Muchos de nuestros \u00e9xitos judiciales son de esta categor\u00eda.<\/p>\n\n\n\n<p>En muchos casos, nos encargamos de un caso de un abogado anterior que desconoc\u00eda la verdadera importancia de estas lesiones. Una lista de nuestros resultados de demandas aparece a continuaci\u00f3n.<\/p>\n\n\n\n<figure class=\"wp-block-table is-style-stripes\"><table><tbody><tr><td><strong>Lesi\u00f3n cerebral traum\u00e1tica\/conmoci\u00f3n cerebral<\/strong><br>Condado de Nueva York<\/td><td>Oferta al abogado anterior: <strong>$400,000<\/strong><\/td><td><strong>$10,000,000<\/strong><\/td><\/tr><tr><td><strong>Accidente de construcci\u00f3n\/conmoci\u00f3n cerebral\/lesi\u00f3n espinal<\/strong><br>Condado de Nueva York<\/td><td>Oferta al abogado anterior: <strong>$1,000,000<\/strong><\/td><td><strong>$7,990,000<\/strong><\/td><\/tr><tr><td><strong>Explosi\u00f3n de neum\u00e1tico\/lesi\u00f3n cerebral traum\u00e1tica<\/strong><br>Condado de Suffolk<\/td><td>Oferta al abogado anterior: <strong>Ninguna<\/strong><br>Oferta al inicio del juicio: <strong>Ninguna<\/strong><\/td><td><strong>$7,000,000<\/strong><\/td><\/tr><tr><td><strong>Lesi\u00f3n cerebral traum\u00e1tica\/conmoci\u00f3n cerebral<\/strong><br>Condado de Bronx<\/td><td>Oferta al abogado anterior: <strong>Ninguna<\/strong><\/td><td><strong>$7,000,000<\/strong><\/td><\/tr><tr><td><strong>Lesi\u00f3n cerebral traum\u00e1tica\/lesi\u00f3n espinal<\/strong><br>Condado de Bronx<\/td><td>Oferta al abogado anterior: <strong>Ninguna<\/strong><\/td><td><strong>$5,500,000<\/strong><\/td><\/tr><tr><td><strong>Lesi\u00f3n cerebral traum\u00e1tica\/conmoci\u00f3n cerebral<\/strong><br>Condado de Nueva York<\/td><td>Oferta al abogado anterior: <strong>aproximadamente $150,000<\/strong><\/td><td><strong>$5,000,000<\/strong><\/td><\/tr><tr><td><strong>Accidente de construcci\u00f3n\/lesi\u00f3n espinal<\/strong><br>Condado de Suffolk<\/td><td>Oferta al abogado anterior: <strong>$500,000<\/strong><\/td><td><strong>$4,500,000<\/strong> Veredicto<br><strong> $4,600,000 Acuerdo posterior al veredicto<\/strong><\/td><\/tr><tr><td><strong>Lesi\u00f3n cerebral traum\u00e1tica\/conmoci\u00f3n cerebral <\/strong><br>Condado de Nueva York<\/td><td>Oferta al inicio del juicio: <strong>$150,000<\/strong><\/td><td><strong>$4,450,000<\/strong><\/td><\/tr><tr><td><strong>Lesi\u00f3n cerebral traum\u00e1tica\/conmoci\u00f3n cerebral <\/strong><br>Condado de Clark, NV<\/td><td>Oferta al abogado anterior: <strong>Ninguna<\/strong><\/td><td><strong>$4,000,000<\/strong><\/td><\/tr><tr><td><strong>Mala praxis ortop\u00e9dica\/s\u00edndrome de dolor regional complejo [RSD]<\/strong><br>Condado de Suffolk<\/td><td>Oferta original: <strong>Ninguna<\/strong><\/td><td><strong>$3,800,000<\/strong><\/td><\/tr><tr><td><strong>Lesi\u00f3n cerebral traum\u00e1tica\/conmoci\u00f3n cerebral <\/strong><br>Condado de Nueva York<\/td><td>Oferta al abogado anterior: <strong>Ninguna<\/strong><\/td><td><strong>$3,700,000<\/strong><\/td><\/tr><tr><td><strong>Lesi\u00f3n cerebral traum\u00e1tica\/conmoci\u00f3n cerebral <\/strong><br>Condado de Kings<\/td><td>Oferta al abogado anterior: <strong>Ninguna<\/strong><\/td><td><strong>$3,430,000<\/strong><\/td><\/tr><tr><td><strong>Mala praxis en cirug\u00eda espinal\/lesi\u00f3n de cauda equina <\/strong><br>Condado de Putnam<\/td><td>Oferta al abogado anterior: <strong>Ninguna<\/strong><\/td><td><strong>$3,300,000<\/strong><\/td><\/tr><tr><td><strong>Colisi\u00f3n de autob\u00fas\/conmoci\u00f3n cerebral <\/strong><br>Condado de Kings<\/td><td>Oferta al abogado anterior: <strong>Ninguna<\/strong><\/td><td><strong>$3,250,000<\/strong><\/td><\/tr><tr><td><strong>Mala praxis en cirug\u00eda espinal<\/strong><br>Condado de Nassau<\/td><td>Oferta al abogado anterior: <strong>Ninguna<\/strong><\/td><td><strong>$3,050,000<\/strong><\/td><\/tr><tr><td><strong>Mala praxis en cirug\u00eda especial<\/strong><br>Condado de Westchester<\/td><td>Oferta al abogado anterior: <strong>Ninguna<\/strong><\/td><td><strong>$3,000,000<\/strong><\/td><\/tr><tr><td><strong>Accidente automovil\u00edstico\/cirug\u00eda espinal<\/strong><br>Condado de Suffolk<\/td><td>Oferta al abogado anterior: <strong>$1,100,000<\/strong><\/td><td><strong>$2,994,000<\/strong><\/td><\/tr><tr><td><strong>Lesi\u00f3n cerebral traum\u00e1tica\/conmoci\u00f3n cerebral <\/strong><br>Condado de Nueva York<\/td><td>Oferta al abogado anterior: <strong>Ninguna<\/strong><br>Oferta al inicio del juicio: <strong>$100,000<\/strong><\/td><td><strong>$2,800,000<\/strong><\/td><\/tr><tr><td><strong>Lesi\u00f3n cerebral traum\u00e1tica\/conmoci\u00f3n cerebral <\/strong><br>Condado de Queens<\/td><td>Oferta al abogado anterior: <strong>Ninguna<\/strong><\/td><td><strong>$2,700,000<\/strong><\/td><\/tr><tr><td><strong>Lesi\u00f3n cerebral traum\u00e1tica\/conmoci\u00f3n cerebral <\/strong><br>Condado de Nassau<\/td><td>Oferta al abogado anterior: <strong>Ninguna<\/strong><\/td><td><strong>$2,675,000<\/strong><\/td><\/tr><tr><td><strong>Accidente automovil\u00edstico\/amputaci\u00f3n parcial del pie<\/strong><br>Condado de Rockland<\/td><td>Oferta al abogado anterior: <strong>$750,000 (2 mediaciones)<\/strong><\/td><td><strong>$2,500,000<\/strong><\/td><\/tr><tr><td><strong>Conmoci\u00f3n cerebral por accidente de autob\u00fas\/lesi\u00f3n de la columna cervical <\/strong><br>Condado de Kings<\/td><td>Oferta al abogado anterior: <strong>Ninguna<\/strong><\/td><td><strong>$2,500,000<\/strong><\/td><\/tr><tr><td><strong>Mala praxis m\u00e9dica: mala gesti\u00f3n del trastorno bipolar<\/strong><br>Condado de Nueva York<\/td><td>Oferta al inicio del juicio: <strong>$500,000<\/strong><\/td><td><strong>$2,000,000<\/strong><\/td><\/tr><tr><td><strong>Lesi\u00f3n cerebral traum\u00e1tica\/conmoci\u00f3n cerebral <\/strong><br>Condado de Kings<\/td><td>Oferta al abogado anterior: <strong>$150,000<\/strong><\/td><td><strong>$2,000,000<\/strong><\/td><\/tr><tr><td><strong>Mala praxis en cirug\u00eda espinal<\/strong><br>Condado de Kings<\/td><td>Oferta al abogado anterior: <strong>Ninguna<\/strong><\/td><td><strong>$2,000,000<\/strong><\/td><\/tr><tr><td><strong>Atropello a peat\u00f3n\/lesi\u00f3n cerebral<\/strong><br>Condado de Queens<\/td><td>Oferta al abogado anterior: <strong>$500,000<\/strong><\/td><td><strong>$1,900,000<\/strong><\/td><\/tr><tr><td><strong>Lesi\u00f3n cerebral traum\u00e1tica\/conmoci\u00f3n cerebral <\/strong><br>Condado de Nueva York<\/td><td>Oferta al abogado anterior: <strong>$35,000<\/strong><\/td><td><strong>$1,600,000<\/strong><\/td><\/tr><tr><td><strong>Mala praxis m\u00e9dica\/muerte injusta<\/strong><br>Condado de Queens<\/td><td>Oferta al abogado anterior: <strong>Ninguna<\/strong><\/td><td><strong>$1,500,000<\/strong><\/td><\/tr><tr><td><strong>Lesi\u00f3n cerebral traum\u00e1tica\/conmoci\u00f3n cerebral<\/strong><br>Condado de Queens<\/td><td>Oferta original: <strong>$75,000<\/strong><\/td><td><strong>$1,450,000<\/strong><\/td><\/tr><tr><td><strong>Mala praxis en cirug\u00eda espinal<\/strong><br>Condado de Nassau<\/td><td>Oferta al abogado anterior: <strong>Ninguna<\/strong><\/td><td><strong>$1,370,250<\/strong><\/td><\/tr><tr><td><strong>Lesi\u00f3n cerebral traum\u00e1tica\/conmoci\u00f3n cerebral <\/strong><br>Condado de Nassau<\/td><td>Oferta al abogado anterior: <strong>$20,000<\/strong><\/td><td><strong>$1,300,000<\/strong><\/td><\/tr><tr><td><strong>Lesi\u00f3n cerebral traum\u00e1tica\/conmoci\u00f3n cerebral <\/strong><br>Condado de Kings<\/td><td>Oferta al abogado anterior: <strong>Ninguna<\/strong><br>Oferta al inicio del juicio: <strong>$75,000<\/strong><\/td><td><strong>$1,250,000<\/strong><\/td><\/tr><tr><td><strong>Lesi\u00f3n espinal por ca\u00edda<\/strong><br>Condado de Nueva York<\/td><td>Oferta al inicio del juicio: <strong>$200,000<\/strong><\/td><td><strong>$1,250,000<\/strong><\/td><\/tr><tr><td><strong>Lesi\u00f3n cerebral traum\u00e1tica\/conmoci\u00f3n cerebral <\/strong><br>Condado de Suffolk<\/td><td>Oferta al inicio del juicio: <strong>$150,000<\/strong><\/td><td><strong>$1,150,000<\/strong><\/td><\/tr><tr><td><strong>S\u00edndrome de dolor regional complejo [RSD]<\/strong><br>Condado de Queens<\/td><td>Oferta al abogado anterior: <strong>Ninguna<\/strong><\/td><td><strong>$1,100,000<\/strong><\/td><\/tr><tr><td><strong>Lesi\u00f3n cerebral traum\u00e1tica\/conmoci\u00f3n cerebral <\/strong><br>Distrito Este de Nueva York<\/td><td>Oferta al abogado anterior: <strong>$350,000<\/strong> justo antes del juicio<\/td><td><strong>$1,000,000<\/strong><\/td><\/tr><tr><td><strong>S\u00edndrome de dolor regional complejo [RSD]<\/strong><br>Condado de Bronx<\/td><td>Oferta al abogado anterior: <strong>$200,000<\/strong> justo antes del juicio<\/td><td><strong>$1,000,000<\/strong><\/td><\/tr><tr><td><strong>Lesi\u00f3n espinal\/tropez\u00f3n y ca\u00edda<\/strong><br>Condado de Queens<\/td><td>Oferta original: <strong>Ninguna<\/strong><\/td><td><strong>$1,000,000<\/strong><\/td><\/tr><tr><td><strong>Lesi\u00f3n de nervio espinal<\/strong><br>Condado de Nassau<\/td><td>Oferta al inicio del juicio: <strong>Ninguna<\/strong><\/td><td><strong>$975,000<\/strong><\/td><\/tr><tr><td><strong>Accidente de ascensor\/lesi\u00f3n espinal<\/strong><br>Condado de Nueva York<\/td><td>Oferta al inicio del juicio:<strong> Ninguna<\/strong><\/td><td><strong>$940,000<\/strong><\/td><\/tr><tr><td><strong>Mala praxis en cirug\u00eda espinal<\/strong><br>Condado de Westchester<\/td><td>Abandonado por el abogado anterior<br>Oferta al inicio del juicio: <strong>Ninguna<\/strong><\/td><td><strong>$875,000<\/strong><\/td><\/tr><tr><td><strong>Lesi\u00f3n espinal<\/strong><br>Condado de Nueva York<\/td><td>Oferta al abogado anterior: <strong>Ninguna<\/strong><\/td><td><strong>$875,000<\/strong><\/td><\/tr><tr><td><strong>S\u00edndrome de dolor regional complejo [RSD]<\/strong><br>Condado de Suffolk<\/td><td>Oferta al inicio de la prueba: <strong>Ninguna<\/strong><\/td><td><strong>$797,000<\/strong><\/td><\/tr><tr><td><strong>Lesi\u00f3n espinal<\/strong><br>Condado de Nueva York<\/td><td>Oferta al abogado anterior: <strong>$90,000<\/strong><\/td><td><strong>$750,000<\/strong><\/td><\/tr><tr><td><strong>S\u00edndrome de dolor regional complejo [RSD]<\/strong><br>Condado de Bronx<\/td><td>Oferta al abogado anterior: <strong>$75,000<\/strong><\/td><td><strong>$750,000<\/strong><\/td><\/tr><tr><td><strong>Ca\u00edda de escalera\/lesi\u00f3n espinal<\/strong><br>Condado de Bronx<\/td><td>Oferta original: <strong>$15,000<\/strong><\/td><td><strong>$750,000<\/strong><\/td><\/tr><tr><td><strong>S\u00edndrome de dolor regional complejo [RSD]<\/strong><br>Condado de Queens<\/td><td>Oferta al abogado anterior: <strong>$175,000<\/strong><\/td><td><strong>$745,000<\/strong><\/td><\/tr><tr><td><strong>S\u00edndrome de dolor regional complejo [RSD]<\/strong><br>Condado de Suffolk<\/td><td>Oferta al inicio del juicio: <strong>Ninguna<\/strong><\/td><td><strong>$715,000<\/strong><\/td><\/tr><tr><td><strong>S\u00edndrome de dolor regional complejo [RSD]<\/strong><br>Condado de Queens<\/td><td>Oferta al inicio del juicio: <strong>Ninguna<\/strong><\/td><td><strong>$700,000<\/strong><\/td><\/tr><tr><td><strong>Ca\u00edda de la plataforma del tren\/fractura de brazo<\/strong><br>Condado de Queens<\/td><td>Oferta al abogado anterior: <strong>Ninguna<\/strong><br>Oferta al inicio del juicio: <strong>Ninguna<\/strong><\/td><td><strong>$675,000<\/strong><\/td><\/tr><tr><td><strong>Lesi\u00f3n espinal<\/strong><br>Condado de Suffolk<\/td><td>Oferta al abogado anterior: <strong>$150,000<\/strong><\/td><td><strong>$649,990<\/strong><\/td><\/tr><tr><td><strong>Lesi\u00f3n cerebral traum\u00e1tica\/conmoci\u00f3n cerebral <\/strong><br>Condado de Suffolk<\/td><td>Oferta al abogado anterior: <strong>Ninguna<\/strong><\/td><td><strong>$500,000<\/strong><\/td><\/tr><tr><td><strong>Lesi\u00f3n espinal\/resbal\u00f3n y ca\u00edda<\/strong><br>Condado de Kings<\/td><td>Oferta al abogado anterior: <strong>$15,000<\/strong><\/td><td><strong>$400,000<\/strong><\/td><\/tr><tr><td><strong>Accidente del tren subterr\u00e1neo\/tinnitus<\/strong><br>Condado de Kings<\/td><td>Oferta al abogado anterior: <strong>$10,000<\/strong><\/td><td><strong>$400,000<\/strong><\/td><\/tr><\/tbody><\/table><\/figure>\n\n\n\n<p><\/p>\n","protected":false},"excerpt":{"rendered":"<p>Cuando las lesiones de un demandante son claramente catastr\u00f3ficas y la culpa del demandado es indiscutiblemente evidente, no es de extra\u00f1ar que la demanda resulte en una considerable indemnizaci\u00f3n. Pero, \u00bfqu\u00e9 sucede en los casos de lesiones personales en los que el cliente lesionado ha sufrido una lesi\u00f3n que es invisible pero que sigue siendo [&hellip;]<\/p>\n","protected":false},"author":6,"featured_media":0,"parent":0,"menu_order":30,"comment_status":"closed","ping_status":"closed","template":"","meta":{"footnotes":""},"class_list":["post-2850","page","type-page","status-publish","hentry"],"yoast_head":"<!-- This site is optimized with the Yoast SEO plugin v21.7 - https:\/\/yoast.com\/wordpress\/plugins\/seo\/ -->\n<title>CASOS DE \u00c9XITO | The Flomenhaft Law Firm, PLLC<\/title>\n<meta name=\"description\" content=\"Cuando las lesiones de un demandante son claramente catastr\u00f3ficas y la culpa del demandado es indiscutiblemente evidente, no es de extra\u00f1ar que la demanda\" \/>\n<meta name=\"robots\" content=\"index, follow, max-snippet:-1, max-image-preview:large, max-video-preview:-1\" \/>\n<link rel=\"canonical\" href=\"https:\/\/brainjusticeny.com\/es\/casos-de-exito\/\" \/>\n<meta name=\"twitter:card\" content=\"summary_large_image\" \/>\n<meta name=\"twitter:title\" content=\"CASOS DE \u00c9XITO | The Flomenhaft Law Firm, PLLC\" \/>\n<meta name=\"twitter:description\" content=\"Cuando las lesiones de un demandante son claramente catastr\u00f3ficas y la culpa del demandado es indiscutiblemente evidente, no es de extra\u00f1ar que la demanda\" \/>\n<meta name=\"twitter:label1\" content=\"Tiempo de lectura\" \/>\n\t<meta name=\"twitter:data1\" content=\"5 minutos\" \/>\n<script type=\"application\/ld+json\" class=\"yoast-schema-graph\">{\"@context\":\"https:\/\/schema.org\",\"@graph\":[{\"@type\":\"WebPage\",\"@id\":\"https:\/\/brainjusticeny.com\/es\/casos-de-exito\/\",\"url\":\"https:\/\/brainjusticeny.com\/es\/casos-de-exito\/\",\"name\":\"CASOS DE \u00c9XITO | The Flomenhaft Law Firm, PLLC\",\"isPartOf\":{\"@id\":\"https:\/\/brainjusticeny.com\/es\/#website\"},\"datePublished\":\"2019-11-26T20:31:35+00:00\",\"dateModified\":\"2026-04-18T19:30:03+00:00\",\"description\":\"Cuando las lesiones de un demandante son claramente catastr\u00f3ficas y la culpa del demandado es indiscutiblemente evidente, no es de extra\u00f1ar que la demanda\",\"breadcrumb\":{\"@id\":\"https:\/\/brainjusticeny.com\/es\/casos-de-exito\/#breadcrumb\"},\"inLanguage\":\"es\",\"potentialAction\":[{\"@type\":\"ReadAction\",\"target\":[\"https:\/\/brainjusticeny.com\/es\/casos-de-exito\/\"]}]},{\"@type\":\"BreadcrumbList\",\"@id\":\"https:\/\/brainjusticeny.com\/es\/casos-de-exito\/#breadcrumb\",\"itemListElement\":[{\"@type\":\"ListItem\",\"position\":1,\"name\":\"Home\",\"item\":\"https:\/\/brainjusticeny.com\/es\/\"},{\"@type\":\"ListItem\",\"position\":2,\"name\":\"CASOS DE \u00c9XITO\"}]},{\"@type\":\"WebSite\",\"@id\":\"https:\/\/brainjusticeny.com\/es\/#website\",\"url\":\"https:\/\/brainjusticeny.com\/es\/\",\"name\":\"The Flomenhaft Law Firm, PLLC\",\"description\":\"Lawyers for the traumatically brain injured or negligence victims suffering severe chronic pain\",\"publisher\":{\"@id\":\"https:\/\/brainjusticeny.com\/es\/#organization\"},\"potentialAction\":[{\"@type\":\"SearchAction\",\"target\":{\"@type\":\"EntryPoint\",\"urlTemplate\":\"https:\/\/brainjusticeny.com\/es\/?s={search_term_string}\"},\"query-input\":\"required name=search_term_string\"}],\"inLanguage\":\"es\"},{\"@type\":\"Organization\",\"@id\":\"https:\/\/brainjusticeny.com\/es\/#organization\",\"name\":\"The Flomenhaft Law Firm, PLLC\",\"url\":\"https:\/\/brainjusticeny.com\/es\/\",\"logo\":{\"@type\":\"ImageObject\",\"inLanguage\":\"es\",\"@id\":\"https:\/\/brainjusticeny.com\/es\/#\/schema\/logo\/image\/\",\"url\":\"https:\/\/brainjusticeny.com\/wp-content\/uploads\/flomenhaft-logo-pllc-1.jpg\",\"contentUrl\":\"https:\/\/brainjusticeny.com\/wp-content\/uploads\/flomenhaft-logo-pllc-1.jpg\",\"width\":229,\"height\":52,\"caption\":\"The Flomenhaft Law Firm, PLLC\"},\"image\":{\"@id\":\"https:\/\/brainjusticeny.com\/es\/#\/schema\/logo\/image\/\"}}]}<\/script>\n<!-- \/ Yoast SEO plugin. -->","yoast_head_json":{"title":"CASOS DE \u00c9XITO | The Flomenhaft Law Firm, PLLC","description":"Cuando las lesiones de un demandante son claramente catastr\u00f3ficas y la culpa del demandado es indiscutiblemente evidente, no es de extra\u00f1ar que la demanda","robots":{"index":"index","follow":"follow","max-snippet":"max-snippet:-1","max-image-preview":"max-image-preview:large","max-video-preview":"max-video-preview:-1"},"canonical":"https:\/\/brainjusticeny.com\/es\/casos-de-exito\/","twitter_card":"summary_large_image","twitter_title":"CASOS DE \u00c9XITO | The Flomenhaft Law Firm, PLLC","twitter_description":"Cuando las lesiones de un demandante son claramente catastr\u00f3ficas y la culpa del demandado es indiscutiblemente evidente, no es de extra\u00f1ar que la demanda","twitter_misc":{"Tiempo de lectura":"5 minutos"},"schema":{"@context":"https:\/\/schema.org","@graph":[{"@type":"WebPage","@id":"https:\/\/brainjusticeny.com\/es\/casos-de-exito\/","url":"https:\/\/brainjusticeny.com\/es\/casos-de-exito\/","name":"CASOS DE \u00c9XITO | The Flomenhaft Law Firm, PLLC","isPartOf":{"@id":"https:\/\/brainjusticeny.com\/es\/#website"},"datePublished":"2019-11-26T20:31:35+00:00","dateModified":"2026-04-18T19:30:03+00:00","description":"Cuando las lesiones de un demandante son claramente catastr\u00f3ficas y la culpa del demandado es indiscutiblemente evidente, no es de extra\u00f1ar que la demanda","breadcrumb":{"@id":"https:\/\/brainjusticeny.com\/es\/casos-de-exito\/#breadcrumb"},"inLanguage":"es","potentialAction":[{"@type":"ReadAction","target":["https:\/\/brainjusticeny.com\/es\/casos-de-exito\/"]}]},{"@type":"BreadcrumbList","@id":"https:\/\/brainjusticeny.com\/es\/casos-de-exito\/#breadcrumb","itemListElement":[{"@type":"ListItem","position":1,"name":"Home","item":"https:\/\/brainjusticeny.com\/es\/"},{"@type":"ListItem","position":2,"name":"CASOS DE \u00c9XITO"}]},{"@type":"WebSite","@id":"https:\/\/brainjusticeny.com\/es\/#website","url":"https:\/\/brainjusticeny.com\/es\/","name":"The Flomenhaft Law Firm, PLLC","description":"Lawyers for the traumatically brain injured or negligence victims suffering severe chronic pain","publisher":{"@id":"https:\/\/brainjusticeny.com\/es\/#organization"},"potentialAction":[{"@type":"SearchAction","target":{"@type":"EntryPoint","urlTemplate":"https:\/\/brainjusticeny.com\/es\/?s={search_term_string}"},"query-input":"required name=search_term_string"}],"inLanguage":"es"},{"@type":"Organization","@id":"https:\/\/brainjusticeny.com\/es\/#organization","name":"The Flomenhaft Law Firm, PLLC","url":"https:\/\/brainjusticeny.com\/es\/","logo":{"@type":"ImageObject","inLanguage":"es","@id":"https:\/\/brainjusticeny.com\/es\/#\/schema\/logo\/image\/","url":"https:\/\/brainjusticeny.com\/wp-content\/uploads\/flomenhaft-logo-pllc-1.jpg","contentUrl":"https:\/\/brainjusticeny.com\/wp-content\/uploads\/flomenhaft-logo-pllc-1.jpg","width":229,"height":52,"caption":"The Flomenhaft Law Firm, PLLC"},"image":{"@id":"https:\/\/brainjusticeny.com\/es\/#\/schema\/logo\/image\/"}}]}},"_links":{"self":[{"href":"https:\/\/brainjusticeny.com\/es\/wp-json\/wp\/v2\/pages\/2850","targetHints":{"allow":["GET"]}}],"collection":[{"href":"https:\/\/brainjusticeny.com\/es\/wp-json\/wp\/v2\/pages"}],"about":[{"href":"https:\/\/brainjusticeny.com\/es\/wp-json\/wp\/v2\/types\/page"}],"author":[{"embeddable":true,"href":"https:\/\/brainjusticeny.com\/es\/wp-json\/wp\/v2\/users\/6"}],"replies":[{"embeddable":true,"href":"https:\/\/brainjusticeny.com\/es\/wp-json\/wp\/v2\/comments?post=2850"}],"version-history":[{"count":2,"href":"https:\/\/brainjusticeny.com\/es\/wp-json\/wp\/v2\/pages\/2850\/revisions"}],"predecessor-version":[{"id":8858,"href":"https:\/\/brainjusticeny.com\/es\/wp-json\/wp\/v2\/pages\/2850\/revisions\/8858"}],"wp:attachment":[{"href":"https:\/\/brainjusticeny.com\/es\/wp-json\/wp\/v2\/media?parent=2850"}],"curies":[{"name":"wp","href":"https:\/\/api.w.org\/{rel}","templated":true}]}}