{"id":2846,"date":"2019-11-26T15:23:38","date_gmt":"2019-11-26T20:23:38","guid":{"rendered":"https:\/\/brainjusticeny.com\/?page_id=2846"},"modified":"2025-04-28T13:02:34","modified_gmt":"2025-04-28T17:02:34","slug":"contactenos","status":"publish","type":"page","link":"https:\/\/brainjusticeny.com\/es\/contactenos\/","title":{"rendered":"CONT\u00c1CTENOS"},"content":{"rendered":"\t\t<div data-elementor-type=\"wp-page\" data-elementor-id=\"2846\" class=\"elementor elementor-2846 elementor-63\" data-elementor-post-type=\"page\">\n\t\t\t\t\t\t<section class=\"elementor-section elementor-top-section elementor-element elementor-element-3c4836f elementor-section-full_width elementor-section-height-default elementor-section-height-default\" data-id=\"3c4836f\" data-element_type=\"section\">\n\t\t\t\t\t\t<div class=\"elementor-container elementor-column-gap-default\">\n\t\t\t\t\t<div class=\"elementor-column elementor-col-33 elementor-top-column elementor-element elementor-element-43b4095\" data-id=\"43b4095\" data-element_type=\"column\">\n\t\t\t<div class=\"elementor-widget-wrap elementor-element-populated\">\n\t\t\t\t\t\t<div class=\"elementor-element elementor-element-755e8a3 elementor-widget elementor-widget-text-editor\" data-id=\"755e8a3\" data-element_type=\"widget\" data-widget_type=\"text-editor.default\">\n\t\t\t\t<div class=\"elementor-widget-container\">\n\t\t\t\t\t\t\t\t\t<p>Nuestros abogados se preocupan diariamente por las lesiones cerebrales traum\u00e1ticas, incluyendo las conmociones cerebrales y el dolor cr\u00f3nico severo. Los abogados de The Flomenhaft Law Firm, PLLC est\u00e1n a la vanguardia de diversas cuestiones legales, m\u00e9dicas, y cient\u00edficas con el fin de probar las lesiones cerebrales y el dolor cr\u00f3nico severo que sufren nuestros clientes y las dificultades que causan en sus vidas y en la de sus familias como resultado. Somos pioneros en el \u00e1mbito de las lesiones cerebrales traum\u00e1ticas y el dolor cr\u00f3nico severo, abriendo camino para el beneficio de nuestros clientes y de otras v\u00edctimas. Los dem\u00e1s abogados en Nueva York y en todos los Estados Unidos siguen nuestro ejemplo.<\/p>\n<p>\u00a0<\/p>\t\t\t\t\t\t\t\t<\/div>\n\t\t\t\t<\/div>\n\t\t\t\t\t<\/div>\n\t\t<\/div>\n\t\t\t\t<div class=\"elementor-column elementor-col-33 elementor-top-column elementor-element elementor-element-653162a\" data-id=\"653162a\" data-element_type=\"column\">\n\t\t\t<div class=\"elementor-widget-wrap elementor-element-populated\">\n\t\t\t\t\t\t<div class=\"elementor-element elementor-element-2c48887 elementor-widget elementor-widget-text-editor\" data-id=\"2c48887\" data-element_type=\"widget\" data-widget_type=\"text-editor.default\">\n\t\t\t\t<div class=\"elementor-widget-container\">\n\t\t\t\t\t\t\t\t\t<h2 style=\"font-size: 16px;\">The Flomenhaft Law Firm, PLLC<\/h2><p>90 Broad Street<br \/>Suite 1902<br \/>New York, NY 10004-1609<br \/>Tel\u00e9fono: 1 (646) 747-0300<br \/>Fax: 1 (646) 747-0301<\/p>\t\t\t\t\t\t\t\t<\/div>\n\t\t\t\t<\/div>\n\t\t\t\t\t<\/div>\n\t\t<\/div>\n\t\t\t\t<div class=\"elementor-column elementor-col-33 elementor-top-column elementor-element elementor-element-c813570\" data-id=\"c813570\" data-element_type=\"column\">\n\t\t\t<div class=\"elementor-widget-wrap\">\n\t\t\t\t\t\t\t<\/div>\n\t\t<\/div>\n\t\t\t\t\t<\/div>\n\t\t<\/section>\n\t\t\t\t<section class=\"elementor-section elementor-top-section elementor-element elementor-element-e212865 elementor-section-boxed elementor-section-height-default elementor-section-height-default\" data-id=\"e212865\" data-element_type=\"section\">\n\t\t\t\t\t\t<div class=\"elementor-container elementor-column-gap-default\">\n\t\t\t\t\t<div class=\"elementor-column elementor-col-100 elementor-top-column elementor-element elementor-element-2ccfa2b\" data-id=\"2ccfa2b\" data-element_type=\"column\">\n\t\t\t<div class=\"elementor-widget-wrap elementor-element-populated\">\n\t\t\t\t\t\t<div class=\"elementor-element elementor-element-c820c40 elementor-widget elementor-widget-heading\" data-id=\"c820c40\" data-element_type=\"widget\" data-widget_type=\"heading.default\">\n\t\t\t\t<div class=\"elementor-widget-container\">\n\t\t\t\t\t<h2 class=\"elementor-heading-title elementor-size-default\">ENTENDEMOS EL V\u00cdNCULO ENTRE LA CIENCIA Y EL DERECHO<\/h2>\t\t\t\t<\/div>\n\t\t\t\t<\/div>\n\t\t\t\t\t<\/div>\n\t\t<\/div>\n\t\t\t\t\t<\/div>\n\t\t<\/section>\n\t\t\t\t<section class=\"elementor-section elementor-top-section elementor-element elementor-element-9a819c3 elementor-section-full_width elementor-section-height-default elementor-section-height-default\" data-id=\"9a819c3\" data-element_type=\"section\">\n\t\t\t\t\t\t<div class=\"elementor-container elementor-column-gap-default\">\n\t\t\t\t\t<div class=\"elementor-column elementor-col-50 elementor-top-column elementor-element elementor-element-98c22a9\" data-id=\"98c22a9\" data-element_type=\"column\">\n\t\t\t<div class=\"elementor-widget-wrap elementor-element-populated\">\n\t\t\t\t\t\t<div class=\"elementor-element elementor-element-469f5c8 elementor-widget elementor-widget-html\" data-id=\"469f5c8\" data-element_type=\"widget\" data-widget_type=\"html.default\">\n\t\t\t\t<div class=\"elementor-widget-container\">\n\t\t\t\t\t<iframe loading=\"lazy\" style=\"border: 0;\" src=\"https:\/\/www.google.com\/maps\/embed?pb=!1m18!1m12!1m3!1d3024.6459802757095!2d-74.01418478435771!3d40.7037938793327!2m3!1f0!2f0!3f0!3m2!1i1024!2i768!4f13.1!3m3!1m2!1s0x89c25a140c6f6573%3A0x1abdb8a6d46082e!2s90+Broad+St+%231902%2C+New+York%2C+NY+10004!5e0!3m2!1sen!2sus!4v1449786295779\" width=\"500\" height=\"350\" frameborder=\"0\" allowfullscreen=\"allowfullscreen\"><\/iframe>\t\t\t\t<\/div>\n\t\t\t\t<\/div>\n\t\t\t\t\t<\/div>\n\t\t<\/div>\n\t\t\t\t<div class=\"elementor-column elementor-col-50 elementor-top-column elementor-element elementor-element-1d82518\" data-id=\"1d82518\" data-element_type=\"column\">\n\t\t\t<div class=\"elementor-widget-wrap elementor-element-populated\">\n\t\t\t\t\t\t<div class=\"elementor-element elementor-element-3e9a68c elementor-widget elementor-widget-text-editor\" data-id=\"3e9a68c\" data-element_type=\"widget\" data-widget_type=\"text-editor.default\">\n\t\t\t\t<div class=\"elementor-widget-container\">\n\t\t\t\t\t\t\t\t\t<h2 style=\"font-size: 16px;\">Direcciones del metro::<\/h2>\n<p>Nuestra oficina es f\u00e1cilmente accesible en metro y est\u00e1 ubicada a cinco minutos a pie de las siguientes estaciones de metro:<\/p>\n<p><span class=\"ball green\">4<\/span>\u00a0<span class=\"ball green\">5<\/span> a Wall Street o Bowling Green<\/p>\n<p><span class=\"ball red\">2<\/span>\u00a0<span class=\"ball red\">3<\/span> a Wall Street<\/p>\n<p><span class=\"ball red\">1<\/span> a Rector Street o South Ferry<\/p>\n<p><span class=\"ball brown\">R<\/span> a Whitehall Street<\/p>\n<p><span class=\"ball brown\">J<\/span>\u00a0<span class=\"ball brown\">Z<\/span> a Broad Street<\/p>\t\t\t\t\t\t\t\t<\/div>\n\t\t\t\t<\/div>\n\t\t\t\t\t<\/div>\n\t\t<\/div>\n\t\t\t\t\t<\/div>\n\t\t<\/section>\n\t\t\t\t<\/div>\n\t\t","protected":false},"excerpt":{"rendered":"<p>Nuestros abogados se preocupan diariamente por las lesiones cerebrales traum\u00e1ticas, incluyendo las conmociones cerebrales y el dolor cr\u00f3nico severo. Los abogados de The Flomenhaft Law Firm, PLLC est\u00e1n a la vanguardia de diversas cuestiones legales, m\u00e9dicas, y cient\u00edficas con el fin de probar las lesiones cerebrales y el dolor cr\u00f3nico severo que sufren nuestros clientes [&hellip;]<\/p>\n","protected":false},"author":6,"featured_media":2065,"parent":0,"menu_order":36,"comment_status":"closed","ping_status":"closed","template":"","meta":{"footnotes":""},"class_list":["post-2846","page","type-page","status-publish","has-post-thumbnail","hentry"],"yoast_head":"<!-- This site is optimized with the Yoast SEO plugin v21.7 - https:\/\/yoast.com\/wordpress\/plugins\/seo\/ -->\n<title>CONT\u00c1CTENOS | The Flomenhaft Law Firm, PLLC<\/title>\n<meta name=\"description\" content=\"Nuestros abogados se preocupan diariamente por las lesiones cerebrales traum\u00e1ticas, incluyendo las conmociones cerebrales y el dolor cr\u00f3nico severo. Los\" \/>\n<meta name=\"robots\" content=\"index, follow, max-snippet:-1, max-image-preview:large, max-video-preview:-1\" \/>\n<link rel=\"canonical\" href=\"https:\/\/brainjusticeny.com\/es\/contactenos\/\" \/>\n<meta name=\"twitter:card\" content=\"summary_large_image\" \/>\n<meta name=\"twitter:title\" content=\"CONT\u00c1CTENOS | The Flomenhaft Law Firm, PLLC\" \/>\n<meta name=\"twitter:description\" content=\"Nuestros abogados se preocupan diariamente por las lesiones cerebrales traum\u00e1ticas, incluyendo las conmociones cerebrales y el dolor cr\u00f3nico severo. Los\" \/>\n<meta name=\"twitter:image\" content=\"https:\/\/brainjusticeny.com\/wp-content\/uploads\/address-1-1.jpg\" \/>\n<meta name=\"twitter:label1\" content=\"Tiempo de lectura\" \/>\n\t<meta name=\"twitter:data1\" content=\"1 minuto\" \/>\n<script type=\"application\/ld+json\" class=\"yoast-schema-graph\">{\"@context\":\"https:\/\/schema.org\",\"@graph\":[{\"@type\":\"WebPage\",\"@id\":\"https:\/\/brainjusticeny.com\/es\/contactenos\/\",\"url\":\"https:\/\/brainjusticeny.com\/es\/contactenos\/\",\"name\":\"CONT\u00c1CTENOS | The Flomenhaft Law Firm, PLLC\",\"isPartOf\":{\"@id\":\"https:\/\/brainjusticeny.com\/es\/#website\"},\"datePublished\":\"2019-11-26T20:23:38+00:00\",\"dateModified\":\"2025-04-28T17:02:34+00:00\",\"description\":\"Nuestros abogados se preocupan diariamente por las lesiones cerebrales traum\u00e1ticas, incluyendo las conmociones cerebrales y el dolor cr\u00f3nico severo. Los\",\"breadcrumb\":{\"@id\":\"https:\/\/brainjusticeny.com\/es\/contactenos\/#breadcrumb\"},\"inLanguage\":\"es\",\"potentialAction\":[{\"@type\":\"ReadAction\",\"target\":[\"https:\/\/brainjusticeny.com\/es\/contactenos\/\"]}]},{\"@type\":\"BreadcrumbList\",\"@id\":\"https:\/\/brainjusticeny.com\/es\/contactenos\/#breadcrumb\",\"itemListElement\":[{\"@type\":\"ListItem\",\"position\":1,\"name\":\"Home\",\"item\":\"https:\/\/brainjusticeny.com\/es\/\"},{\"@type\":\"ListItem\",\"position\":2,\"name\":\"CONT\u00c1CTENOS\"}]},{\"@type\":\"WebSite\",\"@id\":\"https:\/\/brainjusticeny.com\/es\/#website\",\"url\":\"https:\/\/brainjusticeny.com\/es\/\",\"name\":\"The Flomenhaft Law Firm, PLLC\",\"description\":\"Lawyers for the traumatically brain injured or negligence victims suffering severe chronic pain\",\"publisher\":{\"@id\":\"https:\/\/brainjusticeny.com\/es\/#organization\"},\"potentialAction\":[{\"@type\":\"SearchAction\",\"target\":{\"@type\":\"EntryPoint\",\"urlTemplate\":\"https:\/\/brainjusticeny.com\/es\/?s={search_term_string}\"},\"query-input\":\"required name=search_term_string\"}],\"inLanguage\":\"es\"},{\"@type\":\"Organization\",\"@id\":\"https:\/\/brainjusticeny.com\/es\/#organization\",\"name\":\"The Flomenhaft Law Firm, PLLC\",\"url\":\"https:\/\/brainjusticeny.com\/es\/\",\"logo\":{\"@type\":\"ImageObject\",\"inLanguage\":\"es\",\"@id\":\"https:\/\/brainjusticeny.com\/es\/#\/schema\/logo\/image\/\",\"url\":\"https:\/\/brainjusticeny.com\/wp-content\/uploads\/flomenhaft-logo-pllc-1.jpg\",\"contentUrl\":\"https:\/\/brainjusticeny.com\/wp-content\/uploads\/flomenhaft-logo-pllc-1.jpg\",\"width\":229,\"height\":52,\"caption\":\"The Flomenhaft Law Firm, PLLC\"},\"image\":{\"@id\":\"https:\/\/brainjusticeny.com\/es\/#\/schema\/logo\/image\/\"}}]}<\/script>\n<!-- \/ Yoast SEO plugin. -->","yoast_head_json":{"title":"CONT\u00c1CTENOS | The Flomenhaft Law Firm, PLLC","description":"Nuestros abogados se preocupan diariamente por las lesiones cerebrales traum\u00e1ticas, incluyendo las conmociones cerebrales y el dolor cr\u00f3nico severo. Los","robots":{"index":"index","follow":"follow","max-snippet":"max-snippet:-1","max-image-preview":"max-image-preview:large","max-video-preview":"max-video-preview:-1"},"canonical":"https:\/\/brainjusticeny.com\/es\/contactenos\/","twitter_card":"summary_large_image","twitter_title":"CONT\u00c1CTENOS | The Flomenhaft Law Firm, PLLC","twitter_description":"Nuestros abogados se preocupan diariamente por las lesiones cerebrales traum\u00e1ticas, incluyendo las conmociones cerebrales y el dolor cr\u00f3nico severo. Los","twitter_image":"https:\/\/brainjusticeny.com\/wp-content\/uploads\/address-1-1.jpg","twitter_misc":{"Tiempo de lectura":"1 minuto"},"schema":{"@context":"https:\/\/schema.org","@graph":[{"@type":"WebPage","@id":"https:\/\/brainjusticeny.com\/es\/contactenos\/","url":"https:\/\/brainjusticeny.com\/es\/contactenos\/","name":"CONT\u00c1CTENOS | The Flomenhaft Law Firm, PLLC","isPartOf":{"@id":"https:\/\/brainjusticeny.com\/es\/#website"},"datePublished":"2019-11-26T20:23:38+00:00","dateModified":"2025-04-28T17:02:34+00:00","description":"Nuestros abogados se preocupan diariamente por las lesiones cerebrales traum\u00e1ticas, incluyendo las conmociones cerebrales y el dolor cr\u00f3nico severo. Los","breadcrumb":{"@id":"https:\/\/brainjusticeny.com\/es\/contactenos\/#breadcrumb"},"inLanguage":"es","potentialAction":[{"@type":"ReadAction","target":["https:\/\/brainjusticeny.com\/es\/contactenos\/"]}]},{"@type":"BreadcrumbList","@id":"https:\/\/brainjusticeny.com\/es\/contactenos\/#breadcrumb","itemListElement":[{"@type":"ListItem","position":1,"name":"Home","item":"https:\/\/brainjusticeny.com\/es\/"},{"@type":"ListItem","position":2,"name":"CONT\u00c1CTENOS"}]},{"@type":"WebSite","@id":"https:\/\/brainjusticeny.com\/es\/#website","url":"https:\/\/brainjusticeny.com\/es\/","name":"The Flomenhaft Law Firm, PLLC","description":"Lawyers for the traumatically brain injured or negligence victims suffering severe chronic pain","publisher":{"@id":"https:\/\/brainjusticeny.com\/es\/#organization"},"potentialAction":[{"@type":"SearchAction","target":{"@type":"EntryPoint","urlTemplate":"https:\/\/brainjusticeny.com\/es\/?s={search_term_string}"},"query-input":"required name=search_term_string"}],"inLanguage":"es"},{"@type":"Organization","@id":"https:\/\/brainjusticeny.com\/es\/#organization","name":"The Flomenhaft Law Firm, PLLC","url":"https:\/\/brainjusticeny.com\/es\/","logo":{"@type":"ImageObject","inLanguage":"es","@id":"https:\/\/brainjusticeny.com\/es\/#\/schema\/logo\/image\/","url":"https:\/\/brainjusticeny.com\/wp-content\/uploads\/flomenhaft-logo-pllc-1.jpg","contentUrl":"https:\/\/brainjusticeny.com\/wp-content\/uploads\/flomenhaft-logo-pllc-1.jpg","width":229,"height":52,"caption":"The Flomenhaft Law Firm, PLLC"},"image":{"@id":"https:\/\/brainjusticeny.com\/es\/#\/schema\/logo\/image\/"}}]}},"_links":{"self":[{"href":"https:\/\/brainjusticeny.com\/es\/wp-json\/wp\/v2\/pages\/2846","targetHints":{"allow":["GET"]}}],"collection":[{"href":"https:\/\/brainjusticeny.com\/es\/wp-json\/wp\/v2\/pages"}],"about":[{"href":"https:\/\/brainjusticeny.com\/es\/wp-json\/wp\/v2\/types\/page"}],"author":[{"embeddable":true,"href":"https:\/\/brainjusticeny.com\/es\/wp-json\/wp\/v2\/users\/6"}],"replies":[{"embeddable":true,"href":"https:\/\/brainjusticeny.com\/es\/wp-json\/wp\/v2\/comments?post=2846"}],"version-history":[{"count":10,"href":"https:\/\/brainjusticeny.com\/es\/wp-json\/wp\/v2\/pages\/2846\/revisions"}],"predecessor-version":[{"id":8817,"href":"https:\/\/brainjusticeny.com\/es\/wp-json\/wp\/v2\/pages\/2846\/revisions\/8817"}],"wp:featuredmedia":[{"embeddable":true,"href":"https:\/\/brainjusticeny.com\/es\/wp-json\/wp\/v2\/media\/2065"}],"wp:attachment":[{"href":"https:\/\/brainjusticeny.com\/es\/wp-json\/wp\/v2\/media?parent=2846"}],"curies":[{"name":"wp","href":"https:\/\/api.w.org\/{rel}","templated":true}]}}